{"id":1305,"date":"2020-01-19T08:10:25","date_gmt":"2020-01-19T11:10:25","guid":{"rendered":"https:\/\/isfd34-bue.infd.edu.ar\/sitio\/?page_id=1305"},"modified":"2023-02-18T09:56:20","modified_gmt":"2023-02-18T12:56:20","slug":"plan-de-estudios-8","status":"publish","type":"page","link":"https:\/\/isfd34-bue.infd.edu.ar\/sitio\/plan-de-estudios-8\/","title":{"rendered":"Plan de estudios &#8211; Historia"},"content":{"rendered":"<table width=\"651\">\n<tbody>\n<tr>\n<td style=\"text-align: center;\" colspan=\"5\" width=\"651\"><strong>Dise\u00f1o Curricular Profesorado de Educaci\u00f3n Secundaria en Historia &#8211; 2022 &#8211;<\/strong><\/td>\n<\/tr>\n<tr>\n<td style=\"text-align: center;\"><strong>A\u00d1O<\/strong><\/td>\n<td style=\"text-align: center;\"><strong>UNIDAD CURRICULAR<\/strong><\/td>\n<td style=\"text-align: center;\" width=\"74\"><strong>REG. DE CURSADA<\/strong><\/td>\n<td style=\"text-align: center;\"><strong>FORMATO<\/strong><\/td>\n<td width=\"68\">M\u00d3D. X SEMANA<\/td>\n<\/tr>\n<tr>\n<td rowspan=\"11\">1\u00b0<\/td>\n<td>Pedagog\u00eda<\/td>\n<td>Anual<\/td>\n<td>Asignatura<\/td>\n<td>2<\/td>\n<\/tr>\n<tr>\n<td>Educaci\u00f3n y transformaciones sociales contempor\u00e1neas<\/td>\n<td>Anual<\/td>\n<td>Asignatura<\/td>\n<td>2<\/td>\n<\/tr>\n<tr>\n<td>Educaci\u00f3n sexual integral<\/td>\n<td>Cuat.<\/td>\n<td>Taller<\/td>\n<td>2<\/td>\n<\/tr>\n<tr>\n<td>Cultura digital y educaci\u00f3n<\/td>\n<td>Cuat.<\/td>\n<td>Taller<\/td>\n<td>2<\/td>\n<\/tr>\n<tr>\n<td>Historia del mundo antiguo<\/td>\n<td>Anual<\/td>\n<td>Asignatura<\/td>\n<td>3<\/td>\n<\/tr>\n<tr>\n<td>Historia Americana I: del poblamiento a la invasi\u00f3n europea<\/td>\n<td>Anual<\/td>\n<td>Asignatura<\/td>\n<td>3<\/td>\n<\/tr>\n<tr>\n<td>Antropolog\u00eda<\/td>\n<td>Anual<\/td>\n<td>Asignatura<\/td>\n<td>2<\/td>\n<\/tr>\n<tr>\n<td>Introducci\u00f3n a las Ciencias Sociales y a la Historia<\/td>\n<td>Anual<\/td>\n<td>Asignatura<\/td>\n<td>2<\/td>\n<\/tr>\n<tr>\n<td>Geograf\u00eda<\/td>\n<td>Anual<\/td>\n<td>Asignatura<\/td>\n<td>2<\/td>\n<\/tr>\n<tr>\n<td rowspan=\"2\">Pr\u00e1ctica Docente I<\/td>\n<td rowspan=\"2\">Anual<\/td>\n<td>Taller<\/td>\n<td>2<\/td>\n<\/tr>\n<tr>\n<td>Terreno<\/td>\n<td>2<\/td>\n<\/tr>\n<tr>\n<td rowspan=\"13\">2\u00b0<\/td>\n<td>Did\u00e1ctica y curr\u00edculum<\/td>\n<td>Anual<\/td>\n<td>Asignatura<\/td>\n<td>2<\/td>\n<\/tr>\n<tr>\n<td>Psicolog\u00eda del aprendizaje<\/td>\n<td>Anual<\/td>\n<td>Asignatura<\/td>\n<td>2<\/td>\n<\/tr>\n<tr>\n<td>An\u00e1lisis de las instituciones educativas<\/td>\n<td>Cuat.<\/td>\n<td>Asignatura<\/td>\n<td>2<\/td>\n<\/tr>\n<tr>\n<td>Pensamiento pol\u00edtico pedag\u00f3gico latinoamericano<\/td>\n<td>Anual<\/td>\n<td>Asignatura<\/td>\n<td>2<\/td>\n<\/tr>\n<tr>\n<td>Did\u00e1ctica de las Ciencias Sociales<\/td>\n<td>Anual<\/td>\n<td>Asignatura<\/td>\n<td>2<\/td>\n<\/tr>\n<tr>\n<td width=\"379\">Historia Americana II: de la invasi\u00f3n europea hasta la crisis del orden colonial<\/td>\n<td>Anual<\/td>\n<td>Asignatura<\/td>\n<td>2<\/td>\n<\/tr>\n<tr>\n<td>Sociolog\u00eda<\/td>\n<td>Anual<\/td>\n<td>Asignatura<\/td>\n<td>2<\/td>\n<\/tr>\n<tr>\n<td>Econom\u00eda Pol\u00edtica<\/td>\n<td>Anual<\/td>\n<td>Asignatura<\/td>\n<td>2<\/td>\n<\/tr>\n<tr>\n<td>Historia del Mundo Medieval<\/td>\n<td>Cuat.<\/td>\n<td>Asignatura<\/td>\n<td>3<\/td>\n<\/tr>\n<tr>\n<td>Problemas de Asia y \u00c1frica I<\/td>\n<td>Cuat.<\/td>\n<td>Asignatura<\/td>\n<td>3<\/td>\n<\/tr>\n<tr>\n<td>Historia del Mundo Moderno<\/td>\n<td>Cuat.<\/td>\n<td>Asignatura<\/td>\n<td>3<\/td>\n<\/tr>\n<tr>\n<td rowspan=\"2\">Pr\u00e1ctica Docente II<\/td>\n<td rowspan=\"2\">Anual<\/td>\n<td>Taller<\/td>\n<td>2<\/td>\n<\/tr>\n<tr>\n<td>Terreno<\/td>\n<td>2<\/td>\n<\/tr>\n<tr>\n<td rowspan=\"11\">3\u00b0<\/td>\n<td>Pol\u00edtica educativa argentina<\/td>\n<td>Anual<\/td>\n<td>Asignatura<\/td>\n<td>2<\/td>\n<\/tr>\n<tr>\n<td>Problemas filos\u00f3ficos de la educaci\u00f3n<\/td>\n<td>Anual<\/td>\n<td>Asignatura<\/td>\n<td>2<\/td>\n<\/tr>\n<tr>\n<td>Trayectorias educativas de j\u00f3venes y adultos<\/td>\n<td>Cuat.<\/td>\n<td>Asignatura<\/td>\n<td>2<\/td>\n<\/tr>\n<tr>\n<td>Did\u00e1ctica de la Historia<\/td>\n<td>Anual<\/td>\n<td>Asignatura<\/td>\n<td>2<\/td>\n<\/tr>\n<tr>\n<td>Historia del Mundo Contempor\u00e1neo<\/td>\n<td>Anual<\/td>\n<td>Asignatura<\/td>\n<td>3<\/td>\n<\/tr>\n<tr>\n<td>Historia Argentina I<\/td>\n<td>Anual<\/td>\n<td>Asignatura<\/td>\n<td>3<\/td>\n<\/tr>\n<tr>\n<td>Teor\u00eda e Historia de la Historiograf\u00eda<\/td>\n<td>Anual<\/td>\n<td>Asignatura<\/td>\n<td>2<\/td>\n<\/tr>\n<tr>\n<td>Problemas de Asia y \u00c1frica II<\/td>\n<td>Cuat.<\/td>\n<td>Asignatura<\/td>\n<td>3<\/td>\n<\/tr>\n<tr>\n<td width=\"379\">Historia Latinoamericana I: de la crisis del orden colonial a la formaci\u00f3n de los Estados nacionales<\/td>\n<td>Cuat.<\/td>\n<td>Asignatura<\/td>\n<td>3<\/td>\n<\/tr>\n<tr>\n<td rowspan=\"2\">Pr\u00e1ctica Docente III<\/td>\n<td rowspan=\"2\">Anual<\/td>\n<td>Taller<\/td>\n<td>2<\/td>\n<\/tr>\n<tr>\n<td>Terreno<\/td>\n<td>3<\/td>\n<\/tr>\n<tr>\n<td rowspan=\"12\">4\u00b0<\/td>\n<td>Reflexi\u00f3n filos\u00f3fico-pol\u00edtica de la pr\u00e1ctica docente<\/td>\n<td>Anual<\/td>\n<td>Asignatura<\/td>\n<td>2<\/td>\n<\/tr>\n<tr>\n<td>Derechos, interculturalidad y ciudadan\u00eda<\/td>\n<td>Cuat.<\/td>\n<td>Seminario<\/td>\n<td>2<\/td>\n<\/tr>\n<tr>\n<td>Espacio de Opci\u00f3n Institucional\u00a0 (EOI)<\/td>\n<td>Cuat.<\/td>\n<td>Taller<\/td>\n<td>2<\/td>\n<\/tr>\n<tr>\n<td>La ense\u00f1anza de la Historia en la Escuela Secundaria<\/td>\n<td>Anual<\/td>\n<td>Ateneo<\/td>\n<td>2<\/td>\n<\/tr>\n<tr>\n<td>Problemas del Mundo Actual<\/td>\n<td>Anual<\/td>\n<td>Asignatura<\/td>\n<td>2<\/td>\n<\/tr>\n<tr>\n<td width=\"379\">Historia Latinoamericana II: de la conformaci\u00f3n de los Estados nacionales a la actualidad<\/td>\n<td>Anual<\/td>\n<td>Asignatura<\/td>\n<td>3<\/td>\n<\/tr>\n<tr>\n<td width=\"379\">Investigaci\u00f3n sobre los problemas de la Historia Argentina reciente<\/td>\n<td>Anual<\/td>\n<td>Taller<\/td>\n<td>2<\/td>\n<\/tr>\n<tr>\n<td>Historia Argentina II<\/td>\n<td>Anual<\/td>\n<td>Asignatura<\/td>\n<td>3<\/td>\n<\/tr>\n<tr>\n<td>Espacio de Opci\u00f3n Institucional (EOI)<\/td>\n<td>Cuat.<\/td>\n<td>Taller<\/td>\n<td>2<\/td>\n<\/tr>\n<tr>\n<td rowspan=\"2\">Pr\u00e1ctica Docente IV<\/td>\n<td rowspan=\"2\">Anual<\/td>\n<td>Taller<\/td>\n<td>2<\/td>\n<\/tr>\n<tr>\n<td>Terreno<\/td>\n<td>3<\/td>\n<\/tr>\n<tr>\n<td>Unidad curricular optativa<\/td>\n<td>Anual<\/td>\n<td>Taller<\/td>\n<td>2<\/td>\n<\/tr>\n<\/tbody>\n<\/table>\n<p style=\"text-align: left;\" align=\"center\"><strong><a href=\"https:\/\/abc.gob.ar\/secretarias\/sites\/default\/files\/2023-02\/IF-2022-40273352-GDEBA-SSEDGCYE%20HISTORIA_compressed.pdf\">Dise\u00f1o Curricular Profesorado de Educaci\u00f3n Secundaria en Historia &#8211; 2022 &#8211;<\/a>\u00a0<\/strong>(texto completo)<\/p>\n<h2 align=\"center\"><\/h2>\n<h2 align=\"center\"><\/h2>\n<h2 align=\"center\"><\/h2>\n<h2 align=\"center\">Profesorado de Educaci\u00f3n Secundaria de Historia<\/h2>\n<p align=\"center\">\n<p style=\"text-align: center;\" align=\"center\"><strong><span lang=\"ES-AR\">Primer a\u00f1o<\/span><\/strong><\/p>\n<p><span lang=\"ES-AR\">\u00a01.<\/span><span lang=\"ES-AR\">\u00a0Perspectiva Filos\u00f3fico Pedag\u00f3gica I<\/span><\/p>\n<p><span lang=\"ES-AR\">\u00a02.<\/span><strong><span lang=\"ES-AR\">\u00a0<\/span><\/strong><span lang=\"ES-AR\">Perspectiva Pedag\u00f3gico Did\u00e1ctica I<\/span><\/p>\n<p><span lang=\"ES-AR\">\u00a03.<\/span><span lang=\"ES-AR\">\u00a0<\/span><span lang=\"ES-AR\">Perspectiva Socio Pol\u00edtica<\/span><\/p>\n<p><span lang=\"ES-AR\">4.<\/span><span lang=\"ES-AR\">\u00a0<\/span><span lang=\"ES-AR\">Psicolog\u00eda y Cultura en la Educaci\u00f3n<\/span><\/p>\n<p><span lang=\"ES-AR\">\u00a05.<\/span><strong><span lang=\"ES-AR\">\u00a0<\/span><\/strong><span lang=\"ES-AR\">Perspectiva Espacio Temporal de Argentina y Am\u00e9rica<\/span><\/p>\n<p><span lang=\"ES-AR\">\u00a06.<\/span><strong><span lang=\"ES-AR\">\u00a0<\/span><\/strong><span lang=\"ES-AR\">Perspectiva Espacio Temporal Mundial<\/span><\/p>\n<p><span lang=\"ES-AR\">\u00a07.<\/span><strong><span lang=\"ES-AR\">\u00a0<\/span><\/strong><span lang=\"ES-AR\">Antropolog\u00eda<\/span><\/p>\n<p><span lang=\"ES-AR\">\u00a08. Integraci\u00f3n Areal I<\/span><\/p>\n<p><span lang=\"ES-AR\">\u00a09. Campo de la Pr\u00e1ctica Docente I<\/span><\/p>\n<p><span lang=\"ES-AR\">APTO FONOAUDIOL\u00d3GICO<\/span><\/p>\n<p align=\"center\"><strong><span lang=\"ES-AR\">Segundo a\u00f1o<\/span><\/strong><\/p>\n<p><span lang=\"ES-AR\">10. Perspectiva Filos\u00f3fico Pedag\u00f3gica II<\/span><\/p>\n<p><span lang=\"ES-AR\">11. Perspectiva Pedag\u00f3gico Did\u00e1ctica II<\/span><\/p>\n<p><span lang=\"ES-AR\">12. Psicolog\u00eda y Cultura del alumno de EGB 3 y Polimodal<\/span><\/p>\n<p><span lang=\"ES-AR\">13. Historia Americana y Argentina I<\/span><\/p>\n<p><span lang=\"ES-AR\">14. Historia Mundial I<\/span><\/p>\n<p><span lang=\"ES-AR\">15. Econom\u00eda<\/span><\/p>\n<p><span lang=\"ES-AR\">16. Sociolog\u00eda<\/span><\/p>\n<p><span lang=\"ES-AR\">17. Geograf\u00eda I<\/span><\/p>\n<p><span lang=\"ES-AR\">18. Integraci\u00f3n Areal II<\/span><\/p>\n<p>19. Campo de la Pr\u00e1ctica Docente II<\/p>\n<p align=\"center\"><strong><span lang=\"ES-AR\">Tercer a\u00f1o<\/span><\/strong><\/p>\n<p><span lang=\"ES-AR\">20. Perspectiva Filos\u00f3fico Pedag\u00f3gico Did\u00e1ctica<\/span><\/p>\n<p><span lang=\"ES-AR\">21. Perspectiva Pol\u00edtico Institucional<\/span><\/p>\n<p><span lang=\"ES-AR\">22. Historia Mundial (siglo XIX)<\/span><\/p>\n<p><span lang=\"ES-AR\">23. Historia Americana\u00a0(siglo XIX)<\/span><\/p>\n<p><span lang=\"ES-AR\">24. Historia Argentina\u00a0(siglo XIX)<\/span><\/p>\n<p><span lang=\"ES-AR\">25. Investigaci\u00f3n Hist\u00f3rica I<\/span><\/p>\n<p><span lang=\"ES-AR\">26. Geograf\u00eda II<\/span><\/p>\n<p><span lang=\"ES-AR\">27. Problem\u00e1tica pol\u00edtico, jur\u00eddico y ciudadana<\/span><\/p>\n<p><span lang=\"ES-AR\">28. Epistemolog\u00eda e Historia de las Ciencias Sociales<\/span><\/p>\n<p><span lang=\"ES-AR\">29. Campo de la Pr\u00e1ctica Docente III<\/span><\/p>\n<p align=\"center\"><strong><span lang=\"ES-AR\">Cuarto a\u00f1o<\/span><\/strong><\/p>\n<p><span lang=\"ES-AR\">30. Historia Mundial (siglo XX)<\/span><\/p>\n<p><span lang=\"ES-AR\">31. Historia Americana\u00a0(siglo XX)<\/span><\/p>\n<p><span lang=\"ES-AR\">32. Historia Argentina\u00a0(siglo XX)<\/span><\/p>\n<p><span lang=\"ES-AR\">33.\u00a0 Investigaci\u00f3n Hist\u00f3rica II<\/span><\/p>\n<p><span lang=\"ES-AR\">34. Geograf\u00eda III<\/span><\/p>\n<p><span lang=\"ES-AR\">35. E.D.I. (Espacio de Definici\u00f3n Institucional)<\/span><\/p>\n<p>36. Campo de la Pr\u00e1ctica Docente IV<\/p>\n","protected":false},"excerpt":{"rendered":"<p>Dise\u00f1o Curricular Profesorado de Educaci\u00f3n Secundaria en Historia &#8211; 2022 &#8211; A\u00d1O UNIDAD CURRICULAR REG. DE CURSADA FORMATO M\u00d3D. X SEMANA 1\u00b0 Pedagog\u00eda Anual Asignatura 2 Educaci\u00f3n y transformaciones sociales contempor\u00e1neas Anual Asignatura 2 Educaci\u00f3n sexual integral Cuat. Taller 2 Cultura digital y educaci\u00f3n Cuat. Taller 2 Historia del mundo antiguo Anual Asignatura 3 Historia &#8230; <a title=\"Plan de estudios &#8211; Historia\" class=\"read-more\" href=\"https:\/\/isfd34-bue.infd.edu.ar\/sitio\/plan-de-estudios-8\/\" aria-label=\"More on Plan de estudios &#8211; Historia\">[+]<\/a><\/p>\n","protected":false},"author":2561,"featured_media":0,"parent":0,"menu_order":0,"comment_status":"closed","ping_status":"closed","template":"","meta":[],"acf":[],"_links":{"self":[{"href":"https:\/\/isfd34-bue.infd.edu.ar\/sitio\/wp-json\/wp\/v2\/pages\/1305"}],"collection":[{"href":"https:\/\/isfd34-bue.infd.edu.ar\/sitio\/wp-json\/wp\/v2\/pages"}],"about":[{"href":"https:\/\/isfd34-bue.infd.edu.ar\/sitio\/wp-json\/wp\/v2\/types\/page"}],"author":[{"embeddable":true,"href":"https:\/\/isfd34-bue.infd.edu.ar\/sitio\/wp-json\/wp\/v2\/users\/2561"}],"replies":[{"embeddable":true,"href":"https:\/\/isfd34-bue.infd.edu.ar\/sitio\/wp-json\/wp\/v2\/comments?post=1305"}],"version-history":[{"count":8,"href":"https:\/\/isfd34-bue.infd.edu.ar\/sitio\/wp-json\/wp\/v2\/pages\/1305\/revisions"}],"predecessor-version":[{"id":2605,"href":"https:\/\/isfd34-bue.infd.edu.ar\/sitio\/wp-json\/wp\/v2\/pages\/1305\/revisions\/2605"}],"wp:attachment":[{"href":"https:\/\/isfd34-bue.infd.edu.ar\/sitio\/wp-json\/wp\/v2\/media?parent=1305"}],"curies":[{"name":"wp","href":"https:\/\/api.w.org\/{rel}","templated":true}]}}