{"id":1356,"date":"2021-04-06T16:02:37","date_gmt":"2021-04-06T19:02:37","guid":{"rendered":"https:\/\/isfd34-bue.infd.edu.ar\/sitio\/?page_id=1356"},"modified":"2025-04-30T14:26:05","modified_gmt":"2025-04-30T17:26:05","slug":"becas-progresar","status":"publish","type":"page","link":"https:\/\/isfd34-bue.infd.edu.ar\/sitio\/becas-progresar\/","title":{"rendered":"Becas Progresar"},"content":{"rendered":"<div class=\"\">\n<div id=\":1a4\" class=\"ii gt\">\n<div id=\":1a3\" class=\"a3s aXjCH \">\n<div dir=\"ltr\">\n<div style=\"text-align: left;\">\n<div dir=\"auto\"><span style=\"font-size: inherit;\">El Instituto figura con el\u00a0 CUE :\u00a0 \u00a0<\/span><b style=\"font-size: inherit;\"><span style=\"font-size: large;\">60577400\u00a0 \u00a0 \u00a0Instituto Superior de Formaci\u00f3n Docente\u00a0 Prof H\u00e9ctor Medici<\/span><\/b><\/div>\n<\/div>\n<\/div>\n<\/div>\n<div dir=\"auto\">\n<div>\u00a0<\/div>\n<div>\n<p dir=\"ltr\"><span style=\"font-family: arial, sans-serif; font-size: revert;\">Apertura de la 1era Convocatoria 2025 de <\/span><span class=\"il\" style=\"font-family: arial, sans-serif; font-size: revert;\">Becas<\/span><span style=\"font-family: arial, sans-serif; font-size: revert;\"> Progresar\u00a0 hasta el 30 de Abril\u00a0 para Nivel Superior y Enfermer\u00eda.\u00a0<\/span><\/p>\n<p dir=\"ltr\"><span style=\"font-family: arial,sans-serif;\">Las inscripciones se realizan de manera online a trav\u00e9s de la Plataforma <span class=\"il\">Becas<\/span> Progresar: <a href=\"https:\/\/www.argentina.gob.ar\/educacion\/progresar\" target=\"_blank\" rel=\"noopener noreferrer\" data-saferedirecturl=\"https:\/\/www.google.com\/url?q=https:\/\/www.argentina.gob.ar\/educacion\/progresar&amp;source=gmail&amp;ust=1678725996175000&amp;usg=AOvVaw0f-y-Y4ch0pM3i5WDRvC76\">https:\/\/www.argentina.gob.ar\/<wbr \/>educacion\/progresar<\/a>.<\/span><\/p>\n<p dir=\"ltr\"><span style=\"font-family: arial,sans-serif;\">Para restablecer la contrase\u00f1a el\/la estudiante puede\u00a0 seleccionar la opci\u00f3n \u201colvid\u00e9 mi contrase\u00f1a\u201d. En caso de no recordar el correo a trav\u00e9s del cu\u00e1l se cre\u00f3 el usuario, el establecimiento educativo o el referente jurisdiccional (<a href=\"mailto:becassuperior_pba@gmail.com\" target=\"_blank\" rel=\"noopener\">becassuperior_pba@gmail.com<\/a>) puede restablecer la contrase\u00f1a a trav\u00e9s del acceso institucional.<\/span><\/p>\n<p dir=\"ltr\"><span style=\"font-family: arial,sans-serif;\">Adem\u00e1s, la plataforma cuenta con una secci\u00f3n de \u201cpreguntas frecuentes\u201d que sirve para resolver dudas o consultas sobre el programa y el proceso de adjudicaci\u00f3n: <\/span><a href=\"https:\/\/www.argentina.gob.ar\/educacion\/progresar\/preguntas-frecuentes-progresar\/educacion-superior-faq\" target=\"_blank\" rel=\"noopener\" data-saferedirecturl=\"https:\/\/www.google.com\/url?q=https:\/\/www.argentina.gob.ar\/educacion\/progresar\/preguntas-frecuentes-progresar\/educacion-superior-faq&amp;source=gmail&amp;ust=1678725996175000&amp;usg=AOvVaw1KYhnqkVnt0ULvx0Z8Xh4F\">https:\/\/www.argentina.gob.ar\/<wbr \/>educacion\/progresar\/preguntas-<wbr \/>frecuentes-progresar\/<wbr \/>educacion-superior-faq<\/a><\/p>\n<p dir=\"ltr\"><span style=\"font-size: revert;\">\u00a0<\/span><strong style=\"font-size: revert;\"><a href=\"https:\/\/www.youtube.com\/watch?v=_8bDWQdMa0Q\">Tutorial de inscripcion de nivel superior<\/a><\/strong><\/p>\n<\/div>\n<p>Requisitos:<\/p>\n<ul>\n<li>Ser argentina\/o nativa\/o; naturalizada\/o o extranjera\/o, con residencia legal de cinco (5) a\u00f1os en el pa\u00eds y contar con DNI.<\/li>\n<li>Ser alumna\/o regular de una instituci\u00f3n educativa.<\/li>\n<li>Tener entre 17 y 24 a\u00f1os de edad cumplidos.<\/li>\n<li>Estudiantes avanzadas\/os en la carrera, hasta treinta (30) a\u00f1os cumplidos.<\/li>\n<li>Estudiantes de enfermer\u00eda sin l\u00edmite de edad.<\/li>\n<li>Se extiende hasta 35 a\u00f1os de edad a las personas con hijas\/os a cargo menores de 18 a\u00f1os pertenecientes a hogares monoparentales.<\/li>\n<li>Sin l\u00edmite de edad para personas trans, de pueblos ind\u00edgenas, con discapacidad o refugiadas.<\/li>\n<li>Los ingresos de la\/el joven y los de su grupo familiar no deber\u00e1n ser superiores a tres (3) Salarios M\u00ednimos, Vitales y M\u00f3viles (SMVM).<\/li>\n<\/ul>\n<\/div>\n<\/div>\n<\/div>\n<h3><a href=\"https:\/\/becasprogresar.educacion.gob.ar\/inicio_nivel_superior.php\"><strong><span style=\"color: #0000ff;\">INSCRIPCI\u00d3N<\/span><\/strong><\/a><\/h3>\n<p>\u00a0<\/p>\n\n\n<p><mark style=\"background-color:rgba(0, 0, 0, 0)\" class=\"has-inline-color has-vivid-cyan-blue-color\"><strong><a href=\"https:\/\/www.argentina.gob.ar\/servicio\/inscribirme-en-becas-progresar-de-nivel-superior\">https:\/\/www.argentina.gob.ar\/servicio\/inscribirme-en-becas-progresar-de-nivel-superior<\/a><\/strong><\/mark>.<\/p>\n\n\n\n<figure class=\"wp-block-gallery has-nested-images columns-default is-cropped wp-block-gallery-1 is-layout-flex\">\n<figure class=\"wp-block-image size-large\"><img decoding=\"async\" loading=\"lazy\" width=\"1280\" height=\"720\" data-id=\"2698\"  src=\"https:\/\/isfd34-bue.infd.edu.ar\/sitio\/wp-content\/uploads\/2023\/03\/Flyer-horizontal-general.jpeg\" alt=\"\" class=\"wp-image-2698\" srcset=\"https:\/\/isfd34-bue.infd.edu.ar\/sitio\/wp-content\/uploads\/2023\/03\/Flyer-horizontal-general.jpeg 1280w, https:\/\/isfd34-bue.infd.edu.ar\/sitio\/wp-content\/uploads\/2023\/03\/Flyer-horizontal-general-1000x563.jpeg 1000w, https:\/\/isfd34-bue.infd.edu.ar\/sitio\/wp-content\/uploads\/2023\/03\/Flyer-horizontal-general-768x432.jpeg 768w\" sizes=\"(max-width: 1280px) 100vw, 1280px\" \/><\/figure>\n<\/figure>\n\n\n\n<figure class=\"wp-block-gallery has-nested-images columns-default is-cropped wp-block-gallery-3 is-layout-flex\">\n<figure class=\"wp-block-image size-large\"><img decoding=\"async\" loading=\"lazy\" width=\"1600\" height=\"1600\" data-id=\"2699\"  src=\"https:\/\/isfd34-bue.infd.edu.ar\/sitio\/wp-content\/uploads\/2023\/03\/Placa-1.jpeg\" alt=\"\" class=\"wp-image-2699\" srcset=\"https:\/\/isfd34-bue.infd.edu.ar\/sitio\/wp-content\/uploads\/2023\/03\/Placa-1.jpeg 1600w, https:\/\/isfd34-bue.infd.edu.ar\/sitio\/wp-content\/uploads\/2023\/03\/Placa-1-1000x1000.jpeg 1000w, https:\/\/isfd34-bue.infd.edu.ar\/sitio\/wp-content\/uploads\/2023\/03\/Placa-1-500x500.jpeg 500w, https:\/\/isfd34-bue.infd.edu.ar\/sitio\/wp-content\/uploads\/2023\/03\/Placa-1-768x768.jpeg 768w, https:\/\/isfd34-bue.infd.edu.ar\/sitio\/wp-content\/uploads\/2023\/03\/Placa-1-1536x1536.jpeg 1536w\" sizes=\"(max-width: 1600px) 100vw, 1600px\" \/><\/figure>\n<\/figure>\n\n\n\n<figure class=\"wp-block-gallery has-nested-images columns-default is-cropped wp-block-gallery-5 is-layout-flex\">\n<figure class=\"wp-block-image size-large\"><img decoding=\"async\" loading=\"lazy\" width=\"1600\" height=\"1600\" data-id=\"2700\"  src=\"https:\/\/isfd34-bue.infd.edu.ar\/sitio\/wp-content\/uploads\/2023\/03\/Placa-2.jpeg\" alt=\"\" class=\"wp-image-2700\" srcset=\"https:\/\/isfd34-bue.infd.edu.ar\/sitio\/wp-content\/uploads\/2023\/03\/Placa-2.jpeg 1600w, https:\/\/isfd34-bue.infd.edu.ar\/sitio\/wp-content\/uploads\/2023\/03\/Placa-2-1000x1000.jpeg 1000w, https:\/\/isfd34-bue.infd.edu.ar\/sitio\/wp-content\/uploads\/2023\/03\/Placa-2-500x500.jpeg 500w, https:\/\/isfd34-bue.infd.edu.ar\/sitio\/wp-content\/uploads\/2023\/03\/Placa-2-768x768.jpeg 768w, https:\/\/isfd34-bue.infd.edu.ar\/sitio\/wp-content\/uploads\/2023\/03\/Placa-2-1536x1536.jpeg 1536w\" sizes=\"(max-width: 1600px) 100vw, 1600px\" \/><\/figure>\n<\/figure>\n\n\n\n<figure class=\"wp-block-gallery has-nested-images columns-default is-cropped wp-block-gallery-7 is-layout-flex\">\n<figure class=\"wp-block-image size-large\"><img decoding=\"async\" loading=\"lazy\" width=\"1600\" height=\"1600\" data-id=\"2701\"  src=\"https:\/\/isfd34-bue.infd.edu.ar\/sitio\/wp-content\/uploads\/2023\/03\/Placa-3.jpeg\" alt=\"\" class=\"wp-image-2701\" srcset=\"https:\/\/isfd34-bue.infd.edu.ar\/sitio\/wp-content\/uploads\/2023\/03\/Placa-3.jpeg 1600w, https:\/\/isfd34-bue.infd.edu.ar\/sitio\/wp-content\/uploads\/2023\/03\/Placa-3-1000x1000.jpeg 1000w, https:\/\/isfd34-bue.infd.edu.ar\/sitio\/wp-content\/uploads\/2023\/03\/Placa-3-500x500.jpeg 500w, https:\/\/isfd34-bue.infd.edu.ar\/sitio\/wp-content\/uploads\/2023\/03\/Placa-3-768x768.jpeg 768w, https:\/\/isfd34-bue.infd.edu.ar\/sitio\/wp-content\/uploads\/2023\/03\/Placa-3-1536x1536.jpeg 1536w\" sizes=\"(max-width: 1600px) 100vw, 1600px\" \/><\/figure>\n<\/figure>\n\n\n\n<figure class=\"wp-block-gallery has-nested-images columns-default is-cropped wp-block-gallery-9 is-layout-flex\">\n<figure class=\"wp-block-image size-large\"><img decoding=\"async\" loading=\"lazy\" width=\"1600\" height=\"1600\" data-id=\"2702\"  src=\"https:\/\/isfd34-bue.infd.edu.ar\/sitio\/wp-content\/uploads\/2023\/03\/Placa-4.jpeg\" alt=\"\" class=\"wp-image-2702\" srcset=\"https:\/\/isfd34-bue.infd.edu.ar\/sitio\/wp-content\/uploads\/2023\/03\/Placa-4.jpeg 1600w, https:\/\/isfd34-bue.infd.edu.ar\/sitio\/wp-content\/uploads\/2023\/03\/Placa-4-1000x1000.jpeg 1000w, https:\/\/isfd34-bue.infd.edu.ar\/sitio\/wp-content\/uploads\/2023\/03\/Placa-4-500x500.jpeg 500w, https:\/\/isfd34-bue.infd.edu.ar\/sitio\/wp-content\/uploads\/2023\/03\/Placa-4-768x768.jpeg 768w, https:\/\/isfd34-bue.infd.edu.ar\/sitio\/wp-content\/uploads\/2023\/03\/Placa-4-1536x1536.jpeg 1536w\" sizes=\"(max-width: 1600px) 100vw, 1600px\" \/><\/figure>\n<\/figure>\n\n\n\n<div class=\"wp-block-file\"><object class=\"wp-block-file__embed\" data=\"https:\/\/isfd34-bue.infd.edu.ar\/sitio\/wp-content\/uploads\/2023\/03\/REGLAMENTO-PROGRESAR-SUPERIOR.pdf\" type=\"application\/pdf\" style=\"width:100%;height:600px\" aria-label=\"Incrustado de REGLAMENTO-PROGRESAR-SUPERIOR.\"><\/object><a id=\"wp-block-file--media-dcc4edc1-a215-4f8a-b031-4e7a2f0e1461\" href=\"https:\/\/isfd34-bue.infd.edu.ar\/sitio\/wp-content\/uploads\/2023\/03\/REGLAMENTO-PROGRESAR-SUPERIOR.pdf\">REGLAMENTO-PROGRESAR-SUPERIOR<\/a><a href=\"https:\/\/isfd34-bue.infd.edu.ar\/sitio\/wp-content\/uploads\/2023\/03\/REGLAMENTO-PROGRESAR-SUPERIOR.pdf\" class=\"wp-block-file__button wp-element-button\" download aria-describedby=\"wp-block-file--media-dcc4edc1-a215-4f8a-b031-4e7a2f0e1461\">Descarga<\/a><\/div>\n","protected":false},"excerpt":{"rendered":"<p>El Instituto figura con el\u00a0 CUE :\u00a0 \u00a060577400\u00a0 \u00a0 \u00a0Instituto Superior de Formaci\u00f3n Docente\u00a0 Prof H\u00e9ctor Medici \u00a0 Apertura de la 1era Convocatoria 2025 de Becas Progresar\u00a0 hasta el 30 de Abril\u00a0 para Nivel Superior y Enfermer\u00eda.\u00a0 Las inscripciones se realizan de manera online a trav\u00e9s de la Plataforma Becas Progresar: https:\/\/www.argentina.gob.ar\/educacion\/progresar. Para restablecer la &#8230; <a title=\"Becas Progresar\" class=\"read-more\" href=\"https:\/\/isfd34-bue.infd.edu.ar\/sitio\/becas-progresar\/\" aria-label=\"More on Becas Progresar\">[+]<\/a><\/p>\n","protected":false},"author":7,"featured_media":0,"parent":0,"menu_order":0,"comment_status":"closed","ping_status":"closed","template":"","meta":[],"acf":[],"_links":{"self":[{"href":"https:\/\/isfd34-bue.infd.edu.ar\/sitio\/wp-json\/wp\/v2\/pages\/1356"}],"collection":[{"href":"https:\/\/isfd34-bue.infd.edu.ar\/sitio\/wp-json\/wp\/v2\/pages"}],"about":[{"href":"https:\/\/isfd34-bue.infd.edu.ar\/sitio\/wp-json\/wp\/v2\/types\/page"}],"author":[{"embeddable":true,"href":"https:\/\/isfd34-bue.infd.edu.ar\/sitio\/wp-json\/wp\/v2\/users\/7"}],"replies":[{"embeddable":true,"href":"https:\/\/isfd34-bue.infd.edu.ar\/sitio\/wp-json\/wp\/v2\/comments?post=1356"}],"version-history":[{"count":28,"href":"https:\/\/isfd34-bue.infd.edu.ar\/sitio\/wp-json\/wp\/v2\/pages\/1356\/revisions"}],"predecessor-version":[{"id":3567,"href":"https:\/\/isfd34-bue.infd.edu.ar\/sitio\/wp-json\/wp\/v2\/pages\/1356\/revisions\/3567"}],"wp:attachment":[{"href":"https:\/\/isfd34-bue.infd.edu.ar\/sitio\/wp-json\/wp\/v2\/media?parent=1356"}],"curies":[{"name":"wp","href":"https:\/\/api.w.org\/{rel}","templated":true}]}}