{"id":2330,"date":"2022-04-25T17:30:54","date_gmt":"2022-04-25T20:30:54","guid":{"rendered":"https:\/\/isfd34-bue.infd.edu.ar\/sitio\/?page_id=2330"},"modified":"2026-03-16T09:23:15","modified_gmt":"2026-03-16T12:23:15","slug":"horarios-cursad","status":"publish","type":"page","link":"https:\/\/isfd34-bue.infd.edu.ar\/sitio\/horarios-cursad\/","title":{"rendered":"HORARIOS CURSADA 2026"},"content":{"rendered":"\n<p><mark style=\"background-color:rgba(0, 0, 0, 0)\" class=\"has-inline-color has-vivid-red-color\">*Actualizado al 16\/03\/2026*<\/mark><\/p>\n\n\n\n<p><a href=\"https:\/\/drive.google.com\/file\/d\/11d21IF7VUv-Rq6_LddgDec1ZNuyl8oV2\/view?usp=drive_link\" data-type=\"URL\" data-id=\"https:\/\/drive.google.com\/file\/d\/11d21IF7VUv-Rq6_LddgDec1ZNuyl8oV2\/view?usp=drive_link\">EDUCACI\u00d3N INICIAL<\/a><\/p>\n\n\n\n<p><a href=\"https:\/\/drive.google.com\/file\/d\/1GXSJIeE5F93htnhbJ8ACjNwnpYB5kawv\/view?usp=drive_link\">EDUCACI\u00d3N PRIMARIA TURNO TARDE<\/a><\/p>\n\n\n\n<p><a href=\"https:\/\/drive.google.com\/file\/d\/1Uw6-xoPBp9F_glXsxmKJF_n3YOObYWgm\/view?usp=drive_link\" data-type=\"URL\" data-id=\"https:\/\/drive.google.com\/file\/d\/1Uw6-xoPBp9F_glXsxmKJF_n3YOObYWgm\/view?usp=drive_link\">EDUCACI\u00d3N PRIMARIA TURNO VESPERTINO<\/a><\/p>\n\n\n\n<p><a href=\"https:\/\/drive.google.com\/file\/d\/1iCC4x3ylzyaxhPRvsKmYxkcRL_nkfEyS\/view?usp=drive_link\" data-type=\"URL\" data-id=\"https:\/\/drive.google.com\/file\/d\/1iCC4x3ylzyaxhPRvsKmYxkcRL_nkfEyS\/view?usp=drive_link\">CIEGOS Y DISMINUIDOS VISUALES<\/a><\/p>\n\n\n\n<p><a href=\"https:\/\/drive.google.com\/file\/d\/1-GT7DYsbinB-yTOHqdwFhIqvvJGi_t8w\/view?usp=drive_link\" data-type=\"URL\" data-id=\"https:\/\/drive.google.com\/file\/d\/1-GT7DYsbinB-yTOHqdwFhIqvvJGi_t8w\/view?usp=drive_link\">NEUROMOTORES<\/a><\/p>\n\n\n\n<p><a href=\"https:\/\/drive.google.com\/file\/d\/1aWqdb2TTYvAcRUQCjqtbxzJG4jDCLMnL\/view?usp=drive_link\" data-type=\"URL\" data-id=\"https:\/\/drive.google.com\/file\/d\/1aWqdb2TTYvAcRUQCjqtbxzJG4jDCLMnL\/view?usp=drive_link\">BIOLOG\u00cdA<\/a><\/p>\n\n\n\n<p><a href=\"https:\/\/drive.google.com\/file\/d\/1MECBs1oNuoAL8JMMO-A6ooF3bF5zzPvJ\/view?usp=drive_link\" data-type=\"URL\" data-id=\"https:\/\/drive.google.com\/file\/d\/1MECBs1oNuoAL8JMMO-A6ooF3bF5zzPvJ\/view?usp=drive_link\">F\u00cdSICA<\/a><\/p>\n\n\n\n<p><a href=\"https:\/\/drive.google.com\/file\/d\/1gjQjaOuSD2RHoFEgOpkqaQ0LMeMUEI5F\/view?usp=drive_link\" data-type=\"URL\" data-id=\"https:\/\/drive.google.com\/file\/d\/1gjQjaOuSD2RHoFEgOpkqaQ0LMeMUEI5F\/view?usp=drive_link\">MATEM\u00c1TICA<\/a><\/p>\n\n\n\n<p><a href=\"https:\/\/drive.google.com\/file\/d\/1DBwn4Z0j3ObVQFj9sAF4kzzj1xM936nc\/view?usp=drive_link\" data-type=\"URL\" data-id=\"https:\/\/drive.google.com\/file\/d\/1DBwn4Z0j3ObVQFj9sAF4kzzj1xM936nc\/view?usp=drive_link\">HISTORIA<\/a><\/p>\n\n\n\n<p><a href=\"https:\/\/drive.google.com\/file\/d\/15YXInzZEpmTOI_syLh3K3LCTZK5dKoek\/view?usp=drive_link\" data-type=\"URL\" data-id=\"https:\/\/drive.google.com\/file\/d\/15YXInzZEpmTOI_syLh3K3LCTZK5dKoek\/view?usp=drive_link\">GEOGRAF\u00cdA<\/a><\/p>\n\n\n\n<figure class=\"wp-block-table\"><table><tbody><tr><td class=\"has-text-align-center\" data-align=\"center\"><strong>Turno Tarde<\/strong><\/td><td class=\"has-text-align-center\" data-align=\"center\"><strong>Turno Vespertino<\/strong><\/td><\/tr><tr><td class=\"has-text-align-center\" data-align=\"center\"><a href=\"https:\/\/drive.google.com\/file\/d\/1tmbCAjVqnW4jEnO9UYE21GIxIFj0fVEn\/view?usp=drive_link\" data-type=\"URL\" target=\"_blank\" rel=\"noreferrer noopener\">PLANO ISFD N\u00ba 34 (Matienzo 2430)<\/a><\/td><td class=\"has-text-align-center\" data-align=\"center\"><a href=\"https:\/\/drive.google.com\/file\/d\/1gvZJT-KAYub6yPNQP26wSyA1pXsJ335i\/view?usp=drive_link\" data-type=\"URL\" data-id=\"https:\/\/drive.google.com\/file\/d\/1gvZJT-KAYub6yPNQP26wSyA1pXsJ335i\/view?usp=drive_link\" target=\"_blank\" rel=\"noreferrer noopener\">PLANO ISFD N\u00ba 34 (Matienzo 2430)<\/a><\/td><\/tr><tr><td class=\"has-text-align-center\" data-align=\"center\"><a href=\"https:\/\/drive.google.com\/file\/d\/1NCBk7ombZY39Oao5Knj7hshBTCC02Zyy\/view?usp=drive_link\" data-type=\"URL\" target=\"_blank\" rel=\"noreferrer noopener\">PLANO EP N\u00ba 17 (Matienzo 2495)<\/a><\/td><td class=\"has-text-align-center\" data-align=\"center\"><a href=\"https:\/\/drive.google.com\/file\/d\/1_BPd_-YtSMlhbK22xCCmtOF23UQ408qT\/view?usp=drive_link\" data-type=\"URL\" data-id=\"https:\/\/drive.google.com\/file\/d\/1_BPd_-YtSMlhbK22xCCmtOF23UQ408qT\/view?usp=drive_link\" target=\"_blank\" rel=\"noreferrer noopener\">PLANO EP N\u00ba 17 (Matienzo 2495)<\/a><\/td><\/tr><\/tbody><\/table><\/figure>\n","protected":false},"excerpt":{"rendered":"<p>*Actualizado al 16\/03\/2026* EDUCACI\u00d3N INICIAL EDUCACI\u00d3N PRIMARIA TURNO TARDE EDUCACI\u00d3N PRIMARIA TURNO VESPERTINO CIEGOS Y DISMINUIDOS VISUALES NEUROMOTORES BIOLOG\u00cdA F\u00cdSICA MATEM\u00c1TICA HISTORIA GEOGRAF\u00cdA Turno Tarde Turno Vespertino PLANO ISFD N\u00ba 34 (Matienzo 2430) PLANO ISFD N\u00ba 34 (Matienzo 2430) PLANO EP N\u00ba 17 (Matienzo 2495) PLANO EP N\u00ba 17 (Matienzo 2495)<\/p>\n","protected":false},"author":2561,"featured_media":0,"parent":0,"menu_order":0,"comment_status":"closed","ping_status":"closed","template":"","meta":[],"acf":[],"_links":{"self":[{"href":"https:\/\/isfd34-bue.infd.edu.ar\/sitio\/wp-json\/wp\/v2\/pages\/2330"}],"collection":[{"href":"https:\/\/isfd34-bue.infd.edu.ar\/sitio\/wp-json\/wp\/v2\/pages"}],"about":[{"href":"https:\/\/isfd34-bue.infd.edu.ar\/sitio\/wp-json\/wp\/v2\/types\/page"}],"author":[{"embeddable":true,"href":"https:\/\/isfd34-bue.infd.edu.ar\/sitio\/wp-json\/wp\/v2\/users\/2561"}],"replies":[{"embeddable":true,"href":"https:\/\/isfd34-bue.infd.edu.ar\/sitio\/wp-json\/wp\/v2\/comments?post=2330"}],"version-history":[{"count":13,"href":"https:\/\/isfd34-bue.infd.edu.ar\/sitio\/wp-json\/wp\/v2\/pages\/2330\/revisions"}],"predecessor-version":[{"id":3808,"href":"https:\/\/isfd34-bue.infd.edu.ar\/sitio\/wp-json\/wp\/v2\/pages\/2330\/revisions\/3808"}],"wp:attachment":[{"href":"https:\/\/isfd34-bue.infd.edu.ar\/sitio\/wp-json\/wp\/v2\/media?parent=2330"}],"curies":[{"name":"wp","href":"https:\/\/api.w.org\/{rel}","templated":true}]}}