{"id":2476,"date":"2022-10-03T12:31:48","date_gmt":"2022-10-03T15:31:48","guid":{"rendered":"https:\/\/isfd34-bue.infd.edu.ar\/sitio\/?page_id=2476"},"modified":"2025-04-30T15:10:47","modified_gmt":"2025-04-30T18:10:47","slug":"pre-inscripcion-1-ano-todas-las-carreras","status":"publish","type":"page","link":"https:\/\/isfd34-bue.infd.edu.ar\/sitio\/pre-inscripcion-1-ano-todas-las-carreras\/","title":{"rendered":"Reglamento de Pr\u00e1cticas"},"content":{"rendered":"\n<p>El presente reglamento es una producci\u00f3n colectiva de las y los docentes de los Campos de la Pr\u00e1ctica de todas las carreras del Instituto, junto al Equipo de Conducci\u00f3n, por lo que rige para todos los Profesorados.<br>Se eleva al C.A.I. solicitando su tratamiento y aprobaci\u00f3n a fin de contribuir con el Proyecto Institucional y legitimar la validez del mismo. \/ Aprobado por el Consejo Acad\u00e9mico Institucional.<\/p>\n\n\n\n<p><a href=\"https:\/\/isfd34-bue.infd.edu.ar\/sitio\/wp-content\/uploads\/2025\/04\/Reglamento-Institucional-del-Espacio-Campo-de-la-Practica-Docente-2025.pdf\"><strong>Reglamento Institucional de Campo de la Pr\u00e1ctica Docente 2025-2026<\/strong><\/a><\/p>\n\n\n\n<p><\/p>\n","protected":false},"excerpt":{"rendered":"<p>El presente reglamento es una producci\u00f3n colectiva de las y los docentes de los Campos de la Pr\u00e1ctica de todas las carreras del Instituto, junto al Equipo de Conducci\u00f3n, por lo que rige para todos los Profesorados.Se eleva al C.A.I. solicitando su tratamiento y aprobaci\u00f3n a fin de contribuir con el Proyecto Institucional y legitimar &#8230; <a title=\"Reglamento de Pr\u00e1cticas\" class=\"read-more\" href=\"https:\/\/isfd34-bue.infd.edu.ar\/sitio\/pre-inscripcion-1-ano-todas-las-carreras\/\" aria-label=\"More on Reglamento de Pr\u00e1cticas\">[+]<\/a><\/p>\n","protected":false},"author":2561,"featured_media":0,"parent":0,"menu_order":0,"comment_status":"closed","ping_status":"closed","template":"","meta":[],"acf":[],"_links":{"self":[{"href":"https:\/\/isfd34-bue.infd.edu.ar\/sitio\/wp-json\/wp\/v2\/pages\/2476"}],"collection":[{"href":"https:\/\/isfd34-bue.infd.edu.ar\/sitio\/wp-json\/wp\/v2\/pages"}],"about":[{"href":"https:\/\/isfd34-bue.infd.edu.ar\/sitio\/wp-json\/wp\/v2\/types\/page"}],"author":[{"embeddable":true,"href":"https:\/\/isfd34-bue.infd.edu.ar\/sitio\/wp-json\/wp\/v2\/users\/2561"}],"replies":[{"embeddable":true,"href":"https:\/\/isfd34-bue.infd.edu.ar\/sitio\/wp-json\/wp\/v2\/comments?post=2476"}],"version-history":[{"count":9,"href":"https:\/\/isfd34-bue.infd.edu.ar\/sitio\/wp-json\/wp\/v2\/pages\/2476\/revisions"}],"predecessor-version":[{"id":3570,"href":"https:\/\/isfd34-bue.infd.edu.ar\/sitio\/wp-json\/wp\/v2\/pages\/2476\/revisions\/3570"}],"wp:attachment":[{"href":"https:\/\/isfd34-bue.infd.edu.ar\/sitio\/wp-json\/wp\/v2\/media?parent=2476"}],"curies":[{"name":"wp","href":"https:\/\/api.w.org\/{rel}","templated":true}]}}