{"id":2708,"date":"2023-03-12T14:27:17","date_gmt":"2023-03-12T17:27:17","guid":{"rendered":"https:\/\/isfd34-bue.infd.edu.ar\/sitio\/?page_id=2708"},"modified":"2023-07-07T18:30:21","modified_gmt":"2023-07-07T21:30:21","slug":"comunicados-institucionales","status":"publish","type":"page","link":"https:\/\/isfd34-bue.infd.edu.ar\/sitio\/comunicados-institucionales\/","title":{"rendered":"Comunicados institucionales"},"content":{"rendered":"\n<p>En esta secci\u00f3n se publicar\u00e1n los comunicados emitidos por la Direcci\u00f3n de Educaci\u00f3n Superior, los documentos Institucionales y las Normativas vigentes.<\/p>\n\n\n\n<p><strong>Plan de acci\u00f3n institucional para el acompa\u00f1amiento de trayectorias estudiantiles<\/strong><\/p>\n\n\n\n<p><a href=\"https:\/\/drive.google.com\/file\/d\/1QCKd25O0IyEhqj5ihUCDWIoRC0he4CNI\/view?usp=sharing\">https:\/\/drive.google.com\/file\/d\/1QCKd25O0IyEhqj5ihUCDWIoRC0he4CNI\/view?usp=sharing<\/a><\/p>\n\n\n\n<p>&#8212;&#8212;&#8212;&#8212;&#8212;&#8212;&#8212;&#8212;&#8212;&#8212;&#8212;&#8212;&#8212;&#8212;&#8212;&#8212;&#8212;&#8212;&#8212;&#8212;&#8212;&#8212;&#8212;&#8212;&#8212;&#8212;&#8212;&#8212;&#8212;&#8212;&#8212;&#8212;&#8212;&#8212;&#8212;&#8212;&#8211;<\/p>\n\n\n\n<p><strong><a rel=\"noreferrer noopener\" href=\"https:\/\/isfd34-bue.infd.edu.ar\/sitio\/wp-content\/uploads\/2023\/05\/Comunicacion_56.pdf\" target=\"_blank\">Comunicaci\u00f3n N\u00b056<\/a><\/strong> <strong>Ref<\/strong>.: Condiciones Institucionales para la continuidad acad\u00e9mica de las y los estudiantes en el marco de la implementaci\u00f3n de&nbsp;nuevos&nbsp;dise\u00f1os&nbsp;curriculares de Profesorados de Educaci\u00f3n Secundaria. &#8211;  <a rel=\"noreferrer noopener\" href=\"https:\/\/isfd34-bue.infd.edu.ar\/sitio\/wp-content\/uploads\/2023\/05\/DI-2023-15218019-GDEBA-DFDIDGCYE.pdf\" target=\"_blank\">Disp. 10\/23<\/a> &#8211; <a rel=\"noreferrer noopener\" href=\"https:\/\/isfd34-bue.infd.edu.ar\/sitio\/wp-content\/uploads\/2023\/05\/IF-2023-13369071-GDEBA-SDIFDIDGCYE.pdf\" target=\"_blank\">Anexo 1<\/a> &#8211; <a rel=\"noreferrer noopener\" href=\"https:\/\/isfd34-bue.infd.edu.ar\/sitio\/wp-content\/uploads\/2023\/05\/IF-2023-13369139-GDEBA-SDIFDIDGCYE.pdf\" target=\"_blank\">Anexo 2<\/a> &#8211; <a rel=\"noreferrer noopener\" href=\"https:\/\/isfd34-bue.infd.edu.ar\/sitio\/wp-content\/uploads\/2023\/05\/IF-2023-13369191-GDEBA-SDIFDIDGCYE.pdf\" target=\"_blank\">Anexo 3<\/a> &#8211; <a rel=\"noreferrer noopener\" href=\"https:\/\/isfd34-bue.infd.edu.ar\/sitio\/wp-content\/uploads\/2023\/05\/IF-2023-13369240-GDEBA-SDIFDIDGCYE.pdf\" target=\"_blank\">Anexo 4<\/a> &#8211; <a rel=\"noreferrer noopener\" href=\"https:\/\/isfd34-bue.infd.edu.ar\/sitio\/wp-content\/uploads\/2023\/05\/IF-2023-13369330-GDEBA-SDIFDIDGCYE.pdf\" target=\"_blank\">Anexo 5<\/a> &#8211; <a rel=\"noreferrer noopener\" href=\"https:\/\/isfd34-bue.infd.edu.ar\/sitio\/wp-content\/uploads\/2023\/05\/IF-2023-13369606-GDEBA-SDIFDIDGCYE.pdf\" target=\"_blank\">Anexo 9<\/a> &#8211; <a rel=\"noreferrer noopener\" href=\"https:\/\/isfd34-bue.infd.edu.ar\/sitio\/wp-content\/uploads\/2023\/05\/IF-2023-13369719-GDEBA-SDIFDIDGCYE.pdf\" target=\"_blank\">Anexo 11 <\/a>&#8211; <a rel=\"noreferrer noopener\" href=\"https:\/\/isfd34-bue.infd.edu.ar\/sitio\/wp-content\/uploads\/2023\/05\/IF-2023-13369768-GDEBA-SDIFDIDGCYE.pdf\" target=\"_blank\">Anexo 12<\/a> &#8211; <a rel=\"noreferrer noopener\" href=\"https:\/\/isfd34-bue.infd.edu.ar\/sitio\/wp-content\/uploads\/2023\/05\/IF-2023-13369819-GDEBA-SDIFDIDGCYE.pdf\" target=\"_blank\">Anexo 13<\/a> <\/p>\n\n\n\n<p>&#8212;&#8212;&#8212;&#8212;&#8212;&#8212;&#8212;&#8212;&#8212;&#8212;&#8212;&#8212;&#8212;&#8212;&#8212;&#8212;&#8212;&#8212;&#8212;&#8212;&#8212;&#8212;&#8212;&#8212;&#8212;&#8212;&#8212;&#8212;&#8212;&#8212;&#8212;&#8212;&#8212;&#8212;&#8212;&#8212;<\/p>\n\n\n\n<p><strong><a rel=\"noreferrer noopener\" href=\"https:\/\/isfd34-bue.infd.edu.ar\/sitio\/wp-content\/uploads\/2023\/05\/Comunicacion-n\u00b028-1.pdf\" target=\"_blank\">Comunicaci\u00f3n N\u00ba28<\/a><\/strong> <strong>Ref<\/strong>.: Pautas de implementaci\u00f3n de los nuevos dise\u00f1os curriculares \u2013&nbsp;&nbsp;<a rel=\"noreferrer noopener\" href=\"https:\/\/isfd34-bue.infd.edu.ar\/sitio\/wp-content\/uploads\/2023\/05\/DI-2023-07457953-GDEBA-DFDIDGCYE.pdf\" target=\"_blank\">Disp. 2\/23<\/a>&nbsp;&#8211; <a href=\"https:\/\/isfd34-bue.infd.edu.ar\/sitio\/wp-content\/uploads\/2023\/05\/Anexo-1-Equipos-Institucionales.pdf\" target=\"_blank\" rel=\"noreferrer noopener\">Anexo 1<\/a>&nbsp;\u2013&nbsp;<a href=\"https:\/\/isfd34-bue.infd.edu.ar\/sitio\/wp-content\/uploads\/2023\/05\/Anexo-2-Equipo-de-la-Practica-Docente.pdf\" target=\"_blank\" rel=\"noreferrer noopener\">Anexo 2<\/a>&nbsp;\u2013&nbsp;<a href=\"https:\/\/isfd34-bue.infd.edu.ar\/sitio\/wp-content\/uploads\/2023\/05\/Anexo-3-Unidades-Curriculares-optativas-para-estudiantes.pdf\" target=\"_blank\" rel=\"noreferrer noopener\">Anexo 3<\/a><\/p>\n\n\n\n<p><a href=\"https:\/\/sad117.com.ar\/?p=13610\">CADENA&nbsp;N\u00b0&nbsp;145\/2023&nbsp;\u2013&nbsp;RESOC-2022-3898-GDEBA-DGCYE RECTIF CONDICIONES CONCURSO DR DE ESPECIAL<\/a><\/p>\n\n\n\n<p style=\"font-size:16px\"><a href=\"https:\/\/sad117.com.ar\/?p=13572\">CADENA&nbsp;N\u00b0&nbsp;131\/2023 \u2013 VIDEO INSTRUCTIVO INGRESO A LA DOCENCIA 2023-24<\/a><\/p>\n\n\n\n<h1 class=\"wp-block-heading\" style=\"font-size:16px;font-style:normal;font-weight:400\"><a href=\"https:\/\/sad117.com.ar\/?p=13574\">CADENA&nbsp;N\u00b0&nbsp;132\/2023&nbsp;\u2013&nbsp;RSC11264272 \u2013 2023 \u2013 GDEBA,&nbsp;CRITERIOS PARA LA HABILITACI\u00d3N Y BONIFICACI\u00d3N DE&nbsp;T\u00cdTULOS, POST\u00cdTULOS Y POSGRADOS, PARA CONOCIMIENTO Y DIFUSI\u00d3N.<\/a><\/h1>\n\n\n\n<h2 class=\"has-medium-font-size wp-block-heading\" style=\"font-style:normal;font-weight:400\"><\/h2>\n\n\n\n<p><\/p>\n\n\n\n<p>La normativa anterior a 2023 la pueden encontrar en el siguiente linK:&nbsp;<br><a rel=\"noreferrer noopener\" href=\"https:\/\/drive.google.com\/drive\/folders\/1pv1trcpLufKdfIX6KVZLN2VdiPaAcfTJ?usp=sharing\" target=\"_blank\">https:\/\/drive.google.com\/drive\/folders\/1pv1trcpLufKdfIX6KVZLN2VdiPaAcfTJ?usp=sharing<\/a><\/p>\n\n\n\n<p><\/p>\n\n\n\n<p><\/p>\n","protected":false},"excerpt":{"rendered":"<p>En esta secci\u00f3n se publicar\u00e1n los comunicados emitidos por la Direcci\u00f3n de Educaci\u00f3n Superior, los documentos Institucionales y las Normativas vigentes. Plan de acci\u00f3n institucional para el acompa\u00f1amiento de trayectorias estudiantiles https:\/\/drive.google.com\/file\/d\/1QCKd25O0IyEhqj5ihUCDWIoRC0he4CNI\/view?usp=sharing &#8212;&#8212;&#8212;&#8212;&#8212;&#8212;&#8212;&#8212;&#8212;&#8212;&#8212;&#8212;&#8212;&#8212;&#8212;&#8212;&#8212;&#8212;&#8212;&#8212;&#8212;&#8212;&#8212;&#8212;&#8212;&#8212;&#8212;&#8212;&#8212;&#8212;&#8212;&#8212;&#8212;&#8212;&#8212;&#8212;&#8211; Comunicaci\u00f3n N\u00b056 Ref.: Condiciones Institucionales para la continuidad acad\u00e9mica de las y los estudiantes en el marco de la implementaci\u00f3n de&nbsp;nuevos&nbsp;dise\u00f1os&nbsp;curriculares de &#8230; <a title=\"Comunicados institucionales\" class=\"read-more\" href=\"https:\/\/isfd34-bue.infd.edu.ar\/sitio\/comunicados-institucionales\/\" aria-label=\"More on Comunicados institucionales\">[+]<\/a><\/p>\n","protected":false},"author":2561,"featured_media":0,"parent":0,"menu_order":0,"comment_status":"closed","ping_status":"closed","template":"","meta":[],"acf":[],"_links":{"self":[{"href":"https:\/\/isfd34-bue.infd.edu.ar\/sitio\/wp-json\/wp\/v2\/pages\/2708"}],"collection":[{"href":"https:\/\/isfd34-bue.infd.edu.ar\/sitio\/wp-json\/wp\/v2\/pages"}],"about":[{"href":"https:\/\/isfd34-bue.infd.edu.ar\/sitio\/wp-json\/wp\/v2\/types\/page"}],"author":[{"embeddable":true,"href":"https:\/\/isfd34-bue.infd.edu.ar\/sitio\/wp-json\/wp\/v2\/users\/2561"}],"replies":[{"embeddable":true,"href":"https:\/\/isfd34-bue.infd.edu.ar\/sitio\/wp-json\/wp\/v2\/comments?post=2708"}],"version-history":[{"count":14,"href":"https:\/\/isfd34-bue.infd.edu.ar\/sitio\/wp-json\/wp\/v2\/pages\/2708\/revisions"}],"predecessor-version":[{"id":2961,"href":"https:\/\/isfd34-bue.infd.edu.ar\/sitio\/wp-json\/wp\/v2\/pages\/2708\/revisions\/2961"}],"wp:attachment":[{"href":"https:\/\/isfd34-bue.infd.edu.ar\/sitio\/wp-json\/wp\/v2\/media?parent=2708"}],"curies":[{"name":"wp","href":"https:\/\/api.w.org\/{rel}","templated":true}]}}