{"id":2714,"date":"2023-03-12T14:37:57","date_gmt":"2023-03-12T17:37:57","guid":{"rendered":"https:\/\/isfd34-bue.infd.edu.ar\/sitio\/?page_id=2714"},"modified":"2023-03-12T14:37:58","modified_gmt":"2023-03-12T17:37:58","slug":"tutoriales-campus-virtual-infod","status":"publish","type":"page","link":"https:\/\/isfd34-bue.infd.edu.ar\/sitio\/tutoriales-campus-virtual-infod\/","title":{"rendered":"TUTORIALES CAMPUS VIRTUAL INFoD"},"content":{"rendered":"\n<p>En esta p\u00e1gina podr\u00e1n encontrar tutoriales&nbsp;y materiales te\u00f3ricos sobre el uso del&nbsp;<em>campus virtual INFD<\/em>&nbsp;que comparten la red de Institutos, nucleados en el Instituto Nacional de Formaci\u00f3n Docente, algunos tips y criterios de uso.<\/p>\n\n\n\n<p>El software de base es una&nbsp;<strong>personalizaci\u00f3n&nbsp;<\/strong>del&nbsp;<em>campus virtual educativa<\/em>.<\/p>\n\n\n\n<p><strong>Requerimientos t\u00e9cnicos<\/strong><\/p>\n\n\n\n<ul>\n<li><a href=\"https:\/\/red.infd.edu.ar\/requerimientos-tecnicos\/\">Compatibilidad con navegadores y sistemas operativos<\/a><\/li>\n<\/ul>\n\n\n\n<p><strong>Espacio de almacenamiento<\/strong><\/p>\n\n\n\n<p>El espacio total dedicado al alojamiento de los contenidos es limitado, est\u00e1 compartido por todas las plataformas que componen la red INFoD. Por tal motivo, el INFoD monitorea constantemente el uso de los recursos contratados para dar servicio a la red y puede decidir acotar o restringir los l\u00edmites en tama\u00f1o de archivos o espacio de almacenamiento para garantizar que todos los ISFD cuenten con el mismo servicio. Si bien el software original no tiene estas limitaciones, la decisi\u00f3n del INFoD puede afectar, por ejemplo, la configuraci\u00f3n de espacio ocupado para el buz\u00f3n de la mensajer\u00eda, tama\u00f1o m\u00e1ximo de publicaci\u00f3n de archivos, minutos de grabaci\u00f3n de videos y todas aquellas funcionalidades que impacten directamente en consumo de espacio en los servidores contratados.<\/p>\n\n\n\n<ul>\n<li><a href=\"https:\/\/red.infd.edu.ar\/uso-adecuado-de-los-recursos-de-la-red-infod\/\">Uso adecuado de los recursos tecnol\u00f3gicos de la red INFoD<\/a><\/li>\n<\/ul>\n\n\n\n<p><strong>Escritorio<\/strong><\/p>\n\n\n\n<ul>\n<li><a href=\"https:\/\/red.infd.edu.ar\/como-ingresar-al-aula-virtual\/\">C\u00f3mo se ingresa al aula<\/a><\/li>\n\n\n\n<li><a href=\"https:\/\/red.infd.edu.ar\/?p=1268\">Cambios en el perfil de usuario<\/a><\/li>\n\n\n\n<li><a href=\"https:\/\/red.infd.edu.ar\/?p=1162\">Cambios en las preferencias del usuario<\/a><\/li>\n\n\n\n<li><a href=\"https:\/\/red.infd.edu.ar\/que-son-los-sucesos-recientes\/\">Qu\u00e9 son los sucesos recientes<\/a><\/li>\n<\/ul>\n\n\n\n<p><strong>Funcionalidades desde la VISTA DEL USUARIO<\/strong><\/p>\n\n\n\n<ul>\n<li><a href=\"https:\/\/red.infd.edu.ar\/portafolio-usos-y-administracion\/\">Portafolio: Usos y administraci\u00f3n<\/a><\/li>\n\n\n\n<li><a href=\"https:\/\/red.infd.edu.ar\/como-es-la-estructura-del-aula\/\">C\u00f3mo es la estructura del aula<\/a><\/li>\n\n\n\n<li><a rel=\"noreferrer noopener\" href=\"https:\/\/red.infd.edu.ar\/como-buscar-un-aula-desde-el-interior-de-otra\/\" target=\"_blank\">C\u00f3mo buscar un aula desde el interior de otra<\/a><\/li>\n\n\n\n<li><a href=\"https:\/\/red.infd.edu.ar\/como-navegar-los-contenidos-de-las-clases\/\">Secci\u00f3n Clases: C\u00f3mo se navegan los contenidos de las clases<\/a><\/li>\n\n\n\n<li><a href=\"https:\/\/red.infd.edu.ar\/como-navegar-el-indice\/\">Secci\u00f3n Clases: C\u00f3mo navegar el \u00edndice<\/a><\/li>\n\n\n\n<li><a href=\"https:\/\/red.infd.edu.ar\/foros-como-se-abre-y-se-configura-un-foro\/\">Secci\u00f3n Foros: C\u00f3mo se crea y se configura un foro<\/a><\/li>\n\n\n\n<li><a href=\"https:\/\/red.infd.edu.ar\/foros-como-participar\/\">Secci\u00f3n Foros: C\u00f3mo participar y responder<\/a><\/li>\n\n\n\n<li><a href=\"https:\/\/red.infd.edu.ar\/participar-en-un-foro-grabando-video\/\">Secci\u00f3n Foros: Participar en un foro grabando video<\/a><\/li>\n\n\n\n<li><a href=\"https:\/\/red.infd.edu.ar\/participar-en-un-foro-grabando-audio\/\">Secci\u00f3n Foros: Participar en un foro grabando audio<\/a><\/li>\n\n\n\n<li><a href=\"https:\/\/red.infd.edu.ar\/foros-como-editar-una-posteo\/\">Secci\u00f3n Foros: C\u00f3mo editar una intervenci\u00f3n<\/a><\/li>\n\n\n\n<li><a href=\"https:\/\/red.infd.edu.ar\/?p=1160\">Secci\u00f3n Foros: Recomendaciones para participar<\/a><\/li>\n\n\n\n<li><a href=\"https:\/\/red.infd.edu.ar\/como-se-utiliza-la-seccion-sitios\/\">Secci\u00f3n Sitios: C\u00f3mo cargar una direcci\u00f3n web en la secci\u00f3n Sitios<\/a><\/li>\n\n\n\n<li><a href=\"https:\/\/red.infd.edu.ar\/como-cargar-un-archivo-en-la-seccion-archivos\/\">Secci\u00f3n Archivos: C\u00f3mo carga un archivo en la secci\u00f3n Archivos<\/a><\/li>\n\n\n\n<li><a href=\"https:\/\/red.infd.edu.ar\/como-se-envian-y-reciben-mensajes-dentro-del-campus\/\">Secci\u00f3n Mensajer\u00eda interna: \u00bfC\u00f3mo se env\u00edan y reciben mensajes dentro del campus?<\/a><\/li>\n\n\n\n<li><a href=\"https:\/\/red.infd.edu.ar\/como-agregar-calificaciones\/\">Secci\u00f3n Calificaciones: C\u00f3mo agregar calificaciones<\/a><\/li>\n\n\n\n<li><a href=\"https:\/\/red.infd.edu.ar\/uso-del-calendario\/\">Secci\u00f3n Calendario: Uso del Calendario<\/a><\/li>\n\n\n\n<li><a href=\"https:\/\/red.infd.edu.ar\/indicadores-de-estado-de-lectura-de-contenidos-obligatorios\/\">Indicadores de estado de lectura de contenidos obligatorios<\/a><\/li>\n\n\n\n<li><a href=\"https:\/\/red.infd.edu.ar\/continuar-en-la-app-la-tarea-iniciada-en-la-pc-mediante-codigo-qr\/\">C\u00f3mo continuar la sesi\u00f3n en un m\u00f3vil mediante c\u00f3digo QR<\/a><a href=\"https:\/\/red.infd.edu.ar\/indicadores-de-estado-de-lectura-de-contenidos-obligatorios\/\">&nbsp;<\/a><\/li>\n<\/ul>\n\n\n\n<p><strong>Cat\u00e1logo<\/strong><\/p>\n\n\n\n<ul>\n<li><a href=\"https:\/\/red.infd.edu.ar\/como-se-accede-al-catalogo-de-cursos\/\">C\u00f3mo se accede al cat\u00e1logo de cursos<\/a><\/li>\n\n\n\n<li><a href=\"https:\/\/red.infd.edu.ar\/como-crear-una-oferta\/\">C\u00f3mo crear una oferta<\/a><\/li>\n<\/ul>\n\n\n\n<p><strong>Administraci\u00f3n general del campus<\/strong><\/p>\n\n\n\n<ul>\n<li><a href=\"https:\/\/red.infd.edu.ar\/?p=1364\">Administraci\u00f3n del campus virtual<\/a><\/li>\n\n\n\n<li><a href=\"https:\/\/red.infd.edu.ar\/como-importar-respaldos\/\">C\u00f3mo importar respaldos<\/a><\/li>\n\n\n\n<li><a href=\"https:\/\/red.infd.edu.ar\/como-personalizar-la-portada-del-campus-virtual\/\">C\u00f3mo personalizar la portada del campus virtual<\/a><\/li>\n<\/ul>\n\n\n\n<p><strong>Administraci\u00f3n general del aula<\/strong><\/p>\n\n\n\n<ul>\n<li><a href=\"https:\/\/red.infd.edu.ar\/administracion-del-aula-atributos-generales\/\">Atributos generales<\/a><\/li>\n\n\n\n<li><a href=\"https:\/\/red.infd.edu.ar\/administrador-direccion-de-salida-contenidos-no-leidos-y-sucesos-recientes\/\">Administrador, direcci\u00f3n de salida, contenidos no le\u00eddos y sucesos recientes<\/a><\/li>\n\n\n\n<li><a href=\"https:\/\/red.infd.edu.ar\/administracion-del-aula-secciones\/\">Par\u00e1metros generales de secciones&nbsp;<\/a><\/li>\n\n\n\n<li><a href=\"https:\/\/red.infd.edu.ar\/roles-y-permisos\/\">Roles y permisos<\/a><\/li>\n\n\n\n<li><a href=\"https:\/\/red.infd.edu.ar\/restringir-permisos-a-un-docente-administrador\/\">Restringir permisos a un docente administrador<\/a><\/li>\n\n\n\n<li><a rel=\"noreferrer noopener\" href=\"https:\/\/red.infd.edu.ar\/el-usuario-administrador-puede-realizar-inscripciones\/\" target=\"_blank\">El usuario administrador puede realizar inscripciones<\/a><\/li>\n\n\n\n<li><a href=\"https:\/\/red.infd.edu.ar\/como-crear-presentaciones\/\">C\u00f3mo crear presentaciones<\/a><\/li>\n\n\n\n<li><a href=\"https:\/\/red.infd.edu.ar\/como-crear-categorias\/\">C\u00f3mo crear categor\u00edas<\/a><\/li>\n\n\n\n<li><a href=\"https:\/\/red.infd.edu.ar\/como-utilizar-la-wiki-del-aula-virtual\/\">C\u00f3mo utilizar la wiki del aula virtual<\/a><\/li>\n\n\n\n<li><a rel=\"noreferrer noopener\" href=\"https:\/\/red.infd.edu.ar\/como-acceder-la-vista-de-usuario\/\" target=\"_blank\">C\u00f3mo acceder a la vista de usuario<\/a><\/li>\n\n\n\n<li><a href=\"https:\/\/red.infd.edu.ar\/administracion-preguntas-frecuentes\/\">Administraci\u00f3n de preguntas frecuentes<\/a><\/li>\n\n\n\n<li><a href=\"https:\/\/red.infd.edu.ar\/administrar-insignias\/\">Administraci\u00f3n de insignias<\/a><\/li>\n\n\n\n<li><a href=\"https:\/\/red.infd.edu.ar\/organizacion-de-la-informacion-creacion-de-categorias\">Organizaci\u00f3n de la informaci\u00f3n: creaci\u00f3n de categor\u00edas<\/a><\/li>\n<\/ul>\n\n\n\n<p><strong>Seguimiento y reportes<\/strong><\/p>\n\n\n\n<ul>\n<li><a href=\"https:\/\/red.infd.edu.ar\/reportes\/\">Reportes<\/a><\/li>\n\n\n\n<li><a href=\"https:\/\/red.infd.edu.ar\/claves-y-altas-identificacion-de-usuarios\/\">Claves y Altas \u2013 Identificaci\u00f3n de Usuarios<\/a><\/li>\n\n\n\n<li><a href=\"https:\/\/red.infd.edu.ar\/dar-de-baja-usuarios-del-campus-virtual\/\">Dar de baja usuarios del campus virtual<\/a><\/li>\n\n\n\n<li><a rel=\"noreferrer noopener\" target=\"_blank\" href=\"https:\/\/red.infd.edu.ar\/exportar-usuarios\/\">Exportar usuarios desde Usuarios<\/a><\/li>\n\n\n\n<li><a rel=\"noreferrer noopener\" href=\"https:\/\/red.infd.edu.ar\/busqueda-de-usuarios\/\" target=\"_blank\">B\u00fasqueda de usuarios<\/a><\/li>\n\n\n\n<li><a href=\"https:\/\/red.infd.edu.ar\/avisos-de-seguimiento-del-campus-virtual\/\">Avisos de Seguimiento en el aula virtual<\/a><\/li>\n\n\n\n<li><a href=\"https:\/\/red.infd.edu.ar\/creacion-y-administracion-de-grupos-de-trabajo\/\">Creaci\u00f3n y administraci\u00f3n de grupos de trabajo<\/a><\/li>\n\n\n\n<li><a rel=\"noreferrer noopener\" target=\"_blank\" href=\"https:\/\/red.infd.edu.ar\/vincular-whatsapp-en-contactos\/\">Vincular WhatsApp en Contactos<\/a><\/li>\n<\/ul>\n\n\n\n<p><strong>Las clases<\/strong><\/p>\n\n\n\n<ul>\n<li><strong>Creaci\u00f3n y organizaci\u00f3n<\/strong>\n<ul>\n<li><a href=\"https:\/\/red.infd.edu.ar\/?p=1432&amp;preview=true\">C\u00f3mo crear las clases<\/a><\/li>\n\n\n\n<li><a href=\"https:\/\/red.infd.edu.ar\/?p=1438&amp;preview=true\">C\u00f3mo cargar una p\u00edldora de texto<\/a><\/li>\n\n\n\n<li><a href=\"https:\/\/red.infd.edu.ar\/?p=1442&amp;preview=true\">Organizar clases y contenidos<\/a><\/li>\n<\/ul>\n<\/li>\n\n\n\n<li><strong>Plantillas<\/strong>\n<ul>\n<li><a rel=\"noreferrer noopener\" href=\"https:\/\/red.infd.edu.ar\/insertar-una-plantilla\/\" target=\"_blank\">Insertar y eliminar una plantilla<\/a><\/li>\n\n\n\n<li><a rel=\"noreferrer noopener\" href=\"https:\/\/red.infd.edu.ar\/modificar-los-elementos-de-la-plantilla\/\" target=\"_blank\">Modificar los elementos de la plantilla<\/a><\/li>\n\n\n\n<li><a rel=\"noreferrer noopener\" href=\"https:\/\/red.infd.edu.ar\/plantillas-de-ejemplo\/\" target=\"_blank\">Plantillas de ejemplo<\/a><\/li>\n<\/ul>\n<\/li>\n\n\n\n<li><strong>Textos<\/strong>\n<ul>\n<li><a href=\"https:\/\/red.infd.edu.ar\/como-editar-textos-en-una-clase\/\">C\u00f3mo editar textos en una clase<\/a><\/li>\n\n\n\n<li><a href=\"https:\/\/red.infd.edu.ar\/insertar-texto-mediante-dictado-por-voz-en-la-clase\/\">Insertar texto mediante el dictado por voz<\/a><\/li>\n<\/ul>\n<\/li>\n\n\n\n<li><strong>Desde el repositorio<\/strong>\n<ul>\n<li><a href=\"https:\/\/red.infd.edu.ar\/insertar-elementos-desde-el-repositorio\/\">Insertar elementos<\/a><\/li>\n<\/ul>\n<\/li>\n\n\n\n<li><strong>Im\u00e1genes<\/strong>\n<ul>\n<li><a href=\"https:\/\/red.infd.edu.ar\/como-insertar-imagenes-en-una-clase\/\">C\u00f3mo insertar im\u00e1genes desde el repositorio<\/a><\/li>\n\n\n\n<li><a rel=\"noreferrer noopener\" href=\"https:\/\/red.infd.edu.ar\/como-pegar-una-imagen-en-la-clase\/\" target=\"_blank\">C\u00f3mo pegar una imagen en la clase<\/a><\/li>\n<\/ul>\n<\/li>\n\n\n\n<li><strong>Audio<\/strong>\n<ul>\n<li><a href=\"https:\/\/red.infd.edu.ar\/insertar-audio-por-microfono\/\">Insertar audio por micr\u00f3fono en la clase<\/a><\/li>\n<\/ul>\n<\/li>\n\n\n\n<li><strong>Videos<\/strong>\n<ul>\n<li><a rel=\"noreferrer noopener\" href=\"https:\/\/red.infd.edu.ar\/como-insertar-un-video-desde-el-repositorio\/\" target=\"_blank\">C\u00f3mo insertar un video desde el Repositorio<\/a><\/li>\n\n\n\n<li><a href=\"https:\/\/red.infd.edu.ar\/como-grabar-video-desde-el-editor-de-contenidos\/\">C\u00f3mo grabar video desde el editor de contenidos<\/a><\/li>\n\n\n\n<li><a href=\"https:\/\/red.infd.edu.ar\/como-anadir-videos-de-youtube\/\">C\u00f3mo a\u00f1adir un video de Youtube<\/a><\/li>\n<\/ul>\n<\/li>\n\n\n\n<li><strong>Hiperv\u00ednculos<\/strong>\n<ul>\n<li><a href=\"https:\/\/red.infd.edu.ar\/como-insertar-hipervinculos\/\">C\u00f3mo insertar hiperv\u00ednculos<\/a><\/li>\n<\/ul>\n<\/li>\n\n\n\n<li><strong>Procesador de textos<\/strong>\n<ul>\n<li><a href=\"https:\/\/red.infd.edu.ar\/?p=1445&amp;preview=true\">Procesador de textos completo \u2013 HTML<\/a><\/li>\n<\/ul>\n<\/li>\n\n\n\n<li><strong>Material de estudio<\/strong>\n<ul>\n<li><a rel=\"noreferrer noopener\" href=\"https:\/\/red.infd.edu.ar\/insertar-material-de-estudio\/\" target=\"_blank\">Insertar material de estudio<\/a><\/li>\n\n\n\n<li><a rel=\"noreferrer noopener\" href=\"https:\/\/red.infd.edu.ar\/modificar-y-eliminar-material-de-estudio\/\" target=\"_blank\">Modificar y eliminar material de estudio<\/a><\/li>\n\n\n\n<li><a rel=\"noreferrer noopener\" href=\"https:\/\/red.infd.edu.ar\/ordenar-el-material-de-estudio-en-la-clase\/\" target=\"_blank\">Ordenar el material de estudio en la clase<\/a><\/li>\n<\/ul>\n<\/li>\n\n\n\n<li><strong>Actividades<\/strong>\n<ul>\n<li><a rel=\"noreferrer noopener\" href=\"https:\/\/red.infd.edu.ar\/como-crear-una-actividad\/\" target=\"_blank\">C\u00f3mo crear una actividad<\/a><\/li>\n\n\n\n<li><a rel=\"noreferrer noopener\" href=\"https:\/\/red.infd.edu.ar\/como-realiza-la-actividad-el-cursante\/\" target=\"_blank\">C\u00f3mo realiza la actividad el cursante<\/a><\/li>\n\n\n\n<li><a rel=\"noreferrer noopener\" href=\"https:\/\/red.infd.edu.ar\/como-se-corrige-una-actividad\/\" target=\"_blank\">C\u00f3mo se corrige una actividad<\/a><\/li>\n\n\n\n<li><a rel=\"noreferrer noopener\" href=\"https:\/\/red.infd.edu.ar\/como-se-crea-una-actividad-grupal\/\" target=\"_blank\">C\u00f3mo se crea una actividad grupal<\/a><\/li>\n\n\n\n<li><a rel=\"noreferrer noopener\" href=\"https:\/\/red.infd.edu.ar\/como-realizan-los-cursantes-una-actividad-grupal\/\" target=\"_blank\">C\u00f3mo realizan los cursantes una actividad grupal<\/a><\/li>\n\n\n\n<li><a rel=\"noreferrer noopener\" href=\"https:\/\/red.infd.edu.ar\/actividades-copiar-a-otras-aulas\/\" target=\"_blank\">Copiar actividades a otras aulas<\/a><\/li>\n<\/ul>\n<\/li>\n\n\n\n<li><strong>Formularios<\/strong>\n<ul>\n<li><a rel=\"noreferrer noopener\" href=\"https:\/\/red.infd.edu.ar\/crear-un-formulario\/\" target=\"_blank\">Crear un formulario<\/a><\/li>\n\n\n\n<li><a rel=\"noreferrer noopener\" href=\"https:\/\/red.infd.edu.ar\/anadir-preguntas-en-un-formulario\/\" target=\"_blank\">A\u00f1adir preguntas en un formulario<\/a><\/li>\n\n\n\n<li><a rel=\"noreferrer noopener\" href=\"https:\/\/red.infd.edu.ar\/como-responde-el-cursante-un-formulario\/\" target=\"_blank\">C\u00f3mo responde el cursante un formulario<\/a><\/li>\n\n\n\n<li><a rel=\"noreferrer noopener\" href=\"https:\/\/red.infd.edu.ar\/administrar-un-formulario\/\" target=\"_blank\">Administrar un formulario<\/a><\/li>\n\n\n\n<li><a rel=\"noreferrer noopener\" href=\"https:\/\/red.infd.edu.ar\/eliminar-formularios-y-participaciones\/\" target=\"_blank\">Eliminar formularios y participaciones<\/a><\/li>\n\n\n\n<li><a rel=\"noreferrer noopener\" href=\"https:\/\/red.infd.edu.ar\/copiar-en-aulas-y-notificar\/\" target=\"_blank\">Copiar en aula y notificar<\/a><\/li>\n<\/ul>\n<\/li>\n\n\n\n<li><strong>Evaluaciones<\/strong>\n<ul>\n<li><a rel=\"noreferrer noopener\" href=\"https:\/\/red.infd.edu.ar\/crear-una-evaluacion\/\" target=\"_blank\">Crear una evaluaci\u00f3n<\/a><\/li>\n\n\n\n<li><a rel=\"noreferrer noopener\" href=\"https:\/\/red.infd.edu.ar\/tipos-de-preguntas\/\" target=\"_blank\">Tipos de preguntas<\/a><\/li>\n\n\n\n<li><a rel=\"noreferrer noopener\" href=\"https:\/\/red.infd.edu.ar\/generar-preguntas-previamente\/\" target=\"_blank\">Generar preguntas previamente<\/a><\/li>\n\n\n\n<li><a rel=\"noreferrer noopener\" href=\"https:\/\/red.infd.edu.ar\/como-realiza-la-evaluacion-el-cursante\/\" target=\"_blank\">C\u00f3mo realiza la evaluaci\u00f3n el cursante<\/a><\/li>\n\n\n\n<li><a rel=\"noreferrer noopener\" href=\"https:\/\/red.infd.edu.ar\/seguimiento-de-las-evaluaciones\/\" target=\"_blank\">Seguimiento de las evaluaciones<\/a><\/li>\n<\/ul>\n<\/li>\n\n\n\n<li><strong>Asignar recursos a ciertos alumnos. Alcance selectivo.<\/strong>\n<ul>\n<li><a rel=\"noreferrer noopener\" href=\"https:\/\/red.infd.edu.ar\/alcance-selectivo-en-las-clases\/\" target=\"_blank\">Alcance selectivo en las clases<\/a><\/li>\n\n\n\n<li><a rel=\"noreferrer noopener\" href=\"https:\/\/red.infd.edu.ar\/alcance-selectivo-en-textos\/\" target=\"_blank\">Alcance selectivo en items<\/a><\/li>\n\n\n\n<li><a rel=\"noreferrer noopener\" href=\"https:\/\/red.infd.edu.ar\/alcance-selectivo-para-una-clase-completa\/\" target=\"_blank\">Alcance selectivo para una clase completa<\/a><\/li>\n<\/ul>\n<\/li>\n\n\n\n<li><strong>Los debates<\/strong>\n<ul>\n<li><a rel=\"noreferrer noopener\" href=\"https:\/\/red.infd.edu.ar\/como-crear-un-debate\/\" target=\"_blank\">C\u00f3mo crear un debate<\/a><\/li>\n\n\n\n<li><a rel=\"noreferrer noopener\" href=\"https:\/\/red.infd.edu.ar\/tipos-de-debate\/\" target=\"_blank\">Tipos de debate<\/a><\/li>\n\n\n\n<li><a rel=\"noreferrer noopener\" href=\"https:\/\/red.infd.edu.ar\/como-reconocer-la-participacion-en-un-debate\/\" target=\"_blank\">C\u00f3mo reconocer la participaci\u00f3n en un debate<\/a><\/li>\n\n\n\n<li><a rel=\"noreferrer noopener\" href=\"https:\/\/red.infd.edu.ar\/como-se-califica-un-debate\/\" target=\"_blank\">C\u00f3mo se califica un debate<\/a><\/li>\n\n\n\n<li><a rel=\"noreferrer noopener\" href=\"https:\/\/red.infd.edu.ar\/como-se-ven-las-calificaciones-de-los-debates\/\" target=\"_blank\">C\u00f3mo se ven las calificaciones de los debates<\/a><\/li>\n\n\n\n<li><a href=\"https:\/\/red.infd.edu.ar\/participar-en-un-foro-grabando-audio\/\">Participar en un foro grabando audio<\/a><\/li>\n<\/ul>\n<\/li>\n<\/ul>\n","protected":false},"excerpt":{"rendered":"<p>En esta p\u00e1gina podr\u00e1n encontrar tutoriales&nbsp;y materiales te\u00f3ricos sobre el uso del&nbsp;campus virtual INFD&nbsp;que comparten la red de Institutos, nucleados en el Instituto Nacional de Formaci\u00f3n Docente, algunos tips y criterios de uso. El software de base es una&nbsp;personalizaci\u00f3n&nbsp;del&nbsp;campus virtual educativa. Requerimientos t\u00e9cnicos Espacio de almacenamiento El espacio total dedicado al alojamiento de los contenidos &#8230; <a title=\"TUTORIALES CAMPUS VIRTUAL INFoD\" class=\"read-more\" href=\"https:\/\/isfd34-bue.infd.edu.ar\/sitio\/tutoriales-campus-virtual-infod\/\" aria-label=\"More on TUTORIALES CAMPUS VIRTUAL INFoD\">[+]<\/a><\/p>\n","protected":false},"author":2561,"featured_media":0,"parent":0,"menu_order":0,"comment_status":"closed","ping_status":"closed","template":"","meta":[],"acf":[],"_links":{"self":[{"href":"https:\/\/isfd34-bue.infd.edu.ar\/sitio\/wp-json\/wp\/v2\/pages\/2714"}],"collection":[{"href":"https:\/\/isfd34-bue.infd.edu.ar\/sitio\/wp-json\/wp\/v2\/pages"}],"about":[{"href":"https:\/\/isfd34-bue.infd.edu.ar\/sitio\/wp-json\/wp\/v2\/types\/page"}],"author":[{"embeddable":true,"href":"https:\/\/isfd34-bue.infd.edu.ar\/sitio\/wp-json\/wp\/v2\/users\/2561"}],"replies":[{"embeddable":true,"href":"https:\/\/isfd34-bue.infd.edu.ar\/sitio\/wp-json\/wp\/v2\/comments?post=2714"}],"version-history":[{"count":1,"href":"https:\/\/isfd34-bue.infd.edu.ar\/sitio\/wp-json\/wp\/v2\/pages\/2714\/revisions"}],"predecessor-version":[{"id":2715,"href":"https:\/\/isfd34-bue.infd.edu.ar\/sitio\/wp-json\/wp\/v2\/pages\/2714\/revisions\/2715"}],"wp:attachment":[{"href":"https:\/\/isfd34-bue.infd.edu.ar\/sitio\/wp-json\/wp\/v2\/media?parent=2714"}],"curies":[{"name":"wp","href":"https:\/\/api.w.org\/{rel}","templated":true}]}}