{"id":286,"date":"2022-05-21T02:00:00","date_gmt":"2022-05-21T05:00:00","guid":{"rendered":"https:\/\/isfd34-bue.infd.edu.ar\/sitio\/?page_id=286"},"modified":"2026-04-13T21:32:04","modified_gmt":"2026-04-14T00:32:04","slug":"inicio","status":"publish","type":"page","link":"https:\/\/isfd34-bue.infd.edu.ar\/sitio\/","title":{"rendered":""},"content":{"rendered":"<h1 style=\"text-align: center;\"><span style=\"color: #000080;\"><strong>\u00a1 B I E N V E N I D O S !<\/strong><\/span><\/h1>\n<p><\/p>\n\n\n<p class=\"has-text-align-center has-contrast-color has-pale-ocean-gradient-background has-text-color has-background has-medium-font-size\" style=\"font-style:normal;font-weight:900\">Solicitud de mesa extraordinaria de examen para \u00faltima materia &#8211; Turno Mayo<br>Fecha para presentar la solicitud: 06\/04 al 17\/04<br>Mesa extraordinaria de examen \u2013 turno mayo (\u00faltima materia)<br>Fecha de examen: semana del 04-05 al 08-05<\/p>\n\n\n<div class=\"wp-block-image\">\n<figure class=\"aligncenter size-medium\"><img decoding=\"async\" loading=\"lazy\" width=\"563\" height=\"1000\" src=\"https:\/\/isfd34-bue.infd.edu.ar\/sitio\/wp-content\/uploads\/2026\/04\/charla-memoria-verdad-justicia-1-563x1000.jpg\" alt=\"\" class=\"wp-image-3846\" srcset=\"https:\/\/isfd34-bue.infd.edu.ar\/sitio\/wp-content\/uploads\/2026\/04\/charla-memoria-verdad-justicia-1-563x1000.jpg 563w, https:\/\/isfd34-bue.infd.edu.ar\/sitio\/wp-content\/uploads\/2026\/04\/charla-memoria-verdad-justicia-1-768x1365.jpg 768w, https:\/\/isfd34-bue.infd.edu.ar\/sitio\/wp-content\/uploads\/2026\/04\/charla-memoria-verdad-justicia-1-864x1536.jpg 864w, https:\/\/isfd34-bue.infd.edu.ar\/sitio\/wp-content\/uploads\/2026\/04\/charla-memoria-verdad-justicia-1.jpg 900w\" sizes=\"(max-width: 563px) 100vw, 563px\" \/><\/figure><\/div>\n\n\n<figure class=\"wp-block-image size-large\"><a href=\"ingresantes-2026\"><img decoding=\"async\" loading=\"lazy\" width=\"1900\" height=\"1069\" src=\"https:\/\/isfd34-bue.infd.edu.ar\/sitio\/wp-content\/uploads\/2025\/10\/Pagina-en-blanco-ISFD-34-2025-1900x1069.png\" alt=\"\" class=\"wp-image-3704\" srcset=\"https:\/\/isfd34-bue.infd.edu.ar\/sitio\/wp-content\/uploads\/2025\/10\/Pagina-en-blanco-ISFD-34-2025-1900x1069.png 1900w, https:\/\/isfd34-bue.infd.edu.ar\/sitio\/wp-content\/uploads\/2025\/10\/Pagina-en-blanco-ISFD-34-2025-1000x563.png 1000w, https:\/\/isfd34-bue.infd.edu.ar\/sitio\/wp-content\/uploads\/2025\/10\/Pagina-en-blanco-ISFD-34-2025-768x432.png 768w, https:\/\/isfd34-bue.infd.edu.ar\/sitio\/wp-content\/uploads\/2025\/10\/Pagina-en-blanco-ISFD-34-2025-1536x864.png 1536w, https:\/\/isfd34-bue.infd.edu.ar\/sitio\/wp-content\/uploads\/2025\/10\/Pagina-en-blanco-ISFD-34-2025.png 1920w\" sizes=\"(max-width: 1900px) 100vw, 1900px\" \/><\/a><\/figure>\n\n\n\n<p class=\"has-base-3-color has-base-3-background-color has-text-color has-background has-medium-font-size\"><\/p>\n\n\n\n<div class=\"alignfull\"><div id=\"metaslider-id-3291\" style=\"width: 100%; margin: 0 auto;\" class=\"ml-slider-3-33-0 metaslider metaslider-flex metaslider-3291 ml-slider ms-theme-default\" role=\"region\" aria-roledescription=\"Slideshow\" aria-label=\"Slideshow\">\n    <div id=\"metaslider_container_3291\">\n        <div id=\"metaslider_3291\" class=\"flexslider\">\n            <ul aria-live=\"polite\" class=\"slides\">\n                <li style=\"display: block; width: 100%;\" class=\"slide-3412 ms-image\" aria-roledescription=\"slide\" aria-label=\"slide-3412\"><img width=\"1920\" height=\"1080\" src=\"https:\/\/isfd34-bue.infd.edu.ar\/sitio\/wp-content\/uploads\/2024\/12\/01.jpg\" class=\"slider-3291 slide-3412\" alt=\"\" decoding=\"async\" loading=\"lazy\" rel=\"\" title=\"01\" style=\"margin: 0 auto; width: 88.888888888889%\" srcset=\"https:\/\/isfd34-bue.infd.edu.ar\/sitio\/wp-content\/uploads\/2024\/12\/01.jpg 1920w, https:\/\/isfd34-bue.infd.edu.ar\/sitio\/wp-content\/uploads\/2024\/12\/01-1000x563.jpg 1000w, https:\/\/isfd34-bue.infd.edu.ar\/sitio\/wp-content\/uploads\/2024\/12\/01-1900x1069.jpg 1900w, https:\/\/isfd34-bue.infd.edu.ar\/sitio\/wp-content\/uploads\/2024\/12\/01-768x432.jpg 768w, https:\/\/isfd34-bue.infd.edu.ar\/sitio\/wp-content\/uploads\/2024\/12\/01-1536x864.jpg 1536w\" sizes=\"(max-width: 1920px) 100vw, 1920px\" \/><\/li>\n                <li style=\"display: none; width: 100%;\" class=\"slide-3307 ms-image\" aria-roledescription=\"slide\" aria-label=\"slide-3307\"><img width=\"1920\" height=\"1080\" src=\"https:\/\/isfd34-bue.infd.edu.ar\/sitio\/wp-content\/uploads\/2024\/09\/1.jpg\" class=\"slider-3291 slide-3307\" alt=\"\" decoding=\"async\" loading=\"lazy\" rel=\"\" title=\"1\" style=\"margin: 0 auto; width: 88.888888888889%\" srcset=\"https:\/\/isfd34-bue.infd.edu.ar\/sitio\/wp-content\/uploads\/2024\/09\/1.jpg 1920w, https:\/\/isfd34-bue.infd.edu.ar\/sitio\/wp-content\/uploads\/2024\/09\/1-1000x563.jpg 1000w, https:\/\/isfd34-bue.infd.edu.ar\/sitio\/wp-content\/uploads\/2024\/09\/1-1900x1069.jpg 1900w, https:\/\/isfd34-bue.infd.edu.ar\/sitio\/wp-content\/uploads\/2024\/09\/1-768x432.jpg 768w, https:\/\/isfd34-bue.infd.edu.ar\/sitio\/wp-content\/uploads\/2024\/09\/1-1536x864.jpg 1536w\" sizes=\"(max-width: 1920px) 100vw, 1920px\" \/><\/li>\n                <li style=\"display: none; width: 100%;\" class=\"slide-3308 ms-image\" aria-roledescription=\"slide\" aria-label=\"slide-3308\"><img width=\"1920\" height=\"1080\" src=\"https:\/\/isfd34-bue.infd.edu.ar\/sitio\/wp-content\/uploads\/2024\/09\/2.jpg\" class=\"slider-3291 slide-3308\" alt=\"\" decoding=\"async\" loading=\"lazy\" rel=\"\" title=\"2\" style=\"margin: 0 auto; width: 88.888888888889%\" srcset=\"https:\/\/isfd34-bue.infd.edu.ar\/sitio\/wp-content\/uploads\/2024\/09\/2.jpg 1920w, https:\/\/isfd34-bue.infd.edu.ar\/sitio\/wp-content\/uploads\/2024\/09\/2-1000x563.jpg 1000w, https:\/\/isfd34-bue.infd.edu.ar\/sitio\/wp-content\/uploads\/2024\/09\/2-1900x1069.jpg 1900w, https:\/\/isfd34-bue.infd.edu.ar\/sitio\/wp-content\/uploads\/2024\/09\/2-768x432.jpg 768w, https:\/\/isfd34-bue.infd.edu.ar\/sitio\/wp-content\/uploads\/2024\/09\/2-1536x864.jpg 1536w\" sizes=\"(max-width: 1920px) 100vw, 1920px\" \/><\/li>\n                <li style=\"display: none; width: 100%;\" class=\"slide-3309 ms-image\" aria-roledescription=\"slide\" aria-label=\"slide-3309\"><img width=\"1920\" height=\"1080\" src=\"https:\/\/isfd34-bue.infd.edu.ar\/sitio\/wp-content\/uploads\/2024\/09\/3.jpg\" class=\"slider-3291 slide-3309\" alt=\"\" decoding=\"async\" loading=\"lazy\" rel=\"\" title=\"3\" style=\"margin: 0 auto; width: 88.888888888889%\" \/><\/li>\n                <li style=\"display: none; width: 100%;\" class=\"slide-3310 ms-image\" aria-roledescription=\"slide\" aria-label=\"slide-3310\"><img width=\"1920\" height=\"1080\" src=\"https:\/\/isfd34-bue.infd.edu.ar\/sitio\/wp-content\/uploads\/2024\/09\/4.jpg\" class=\"slider-3291 slide-3310\" alt=\"\" decoding=\"async\" loading=\"lazy\" rel=\"\" title=\"4\" style=\"margin: 0 auto; width: 88.888888888889%\" srcset=\"https:\/\/isfd34-bue.infd.edu.ar\/sitio\/wp-content\/uploads\/2024\/09\/4.jpg 1920w, https:\/\/isfd34-bue.infd.edu.ar\/sitio\/wp-content\/uploads\/2024\/09\/4-1000x563.jpg 1000w, https:\/\/isfd34-bue.infd.edu.ar\/sitio\/wp-content\/uploads\/2024\/09\/4-1900x1069.jpg 1900w, https:\/\/isfd34-bue.infd.edu.ar\/sitio\/wp-content\/uploads\/2024\/09\/4-768x432.jpg 768w, https:\/\/isfd34-bue.infd.edu.ar\/sitio\/wp-content\/uploads\/2024\/09\/4-1536x864.jpg 1536w\" sizes=\"(max-width: 1920px) 100vw, 1920px\" \/><\/li>\n                <li style=\"display: none; width: 100%;\" class=\"slide-3311 ms-image\" aria-roledescription=\"slide\" aria-label=\"slide-3311\"><img width=\"1920\" height=\"1080\" src=\"https:\/\/isfd34-bue.infd.edu.ar\/sitio\/wp-content\/uploads\/2024\/09\/5.jpg\" class=\"slider-3291 slide-3311\" alt=\"\" decoding=\"async\" loading=\"lazy\" rel=\"\" title=\"5\" style=\"margin: 0 auto; width: 88.888888888889%\" srcset=\"https:\/\/isfd34-bue.infd.edu.ar\/sitio\/wp-content\/uploads\/2024\/09\/5.jpg 1920w, https:\/\/isfd34-bue.infd.edu.ar\/sitio\/wp-content\/uploads\/2024\/09\/5-1000x563.jpg 1000w, https:\/\/isfd34-bue.infd.edu.ar\/sitio\/wp-content\/uploads\/2024\/09\/5-1900x1069.jpg 1900w, https:\/\/isfd34-bue.infd.edu.ar\/sitio\/wp-content\/uploads\/2024\/09\/5-768x432.jpg 768w, https:\/\/isfd34-bue.infd.edu.ar\/sitio\/wp-content\/uploads\/2024\/09\/5-1536x864.jpg 1536w\" sizes=\"(max-width: 1920px) 100vw, 1920px\" \/><\/li>\n                <li style=\"display: none; width: 100%;\" class=\"slide-3312 ms-image\" aria-roledescription=\"slide\" aria-label=\"slide-3312\"><img width=\"1920\" height=\"1080\" src=\"https:\/\/isfd34-bue.infd.edu.ar\/sitio\/wp-content\/uploads\/2024\/09\/6.jpg\" class=\"slider-3291 slide-3312\" alt=\"\" decoding=\"async\" loading=\"lazy\" rel=\"\" title=\"6\" style=\"margin: 0 auto; width: 88.888888888889%\" \/><\/li>\n                <li style=\"display: none; width: 100%;\" class=\"slide-3313 ms-image\" aria-roledescription=\"slide\" aria-label=\"slide-3313\"><img width=\"1920\" height=\"1080\" src=\"https:\/\/isfd34-bue.infd.edu.ar\/sitio\/wp-content\/uploads\/2024\/09\/7.jpg\" class=\"slider-3291 slide-3313\" alt=\"\" decoding=\"async\" loading=\"lazy\" rel=\"\" title=\"7\" style=\"margin: 0 auto; width: 88.888888888889%\" srcset=\"https:\/\/isfd34-bue.infd.edu.ar\/sitio\/wp-content\/uploads\/2024\/09\/7.jpg 1920w, https:\/\/isfd34-bue.infd.edu.ar\/sitio\/wp-content\/uploads\/2024\/09\/7-1000x563.jpg 1000w, https:\/\/isfd34-bue.infd.edu.ar\/sitio\/wp-content\/uploads\/2024\/09\/7-1900x1069.jpg 1900w, https:\/\/isfd34-bue.infd.edu.ar\/sitio\/wp-content\/uploads\/2024\/09\/7-768x432.jpg 768w, https:\/\/isfd34-bue.infd.edu.ar\/sitio\/wp-content\/uploads\/2024\/09\/7-1536x864.jpg 1536w\" sizes=\"(max-width: 1920px) 100vw, 1920px\" \/><\/li>\n                <li style=\"display: none; width: 100%;\" class=\"slide-3314 ms-image\" aria-roledescription=\"slide\" aria-label=\"slide-3314\"><img width=\"1920\" height=\"1080\" src=\"https:\/\/isfd34-bue.infd.edu.ar\/sitio\/wp-content\/uploads\/2024\/09\/8.jpg\" class=\"slider-3291 slide-3314\" alt=\"\" decoding=\"async\" loading=\"lazy\" rel=\"\" title=\"8\" style=\"margin: 0 auto; width: 88.888888888889%\" srcset=\"https:\/\/isfd34-bue.infd.edu.ar\/sitio\/wp-content\/uploads\/2024\/09\/8.jpg 1920w, https:\/\/isfd34-bue.infd.edu.ar\/sitio\/wp-content\/uploads\/2024\/09\/8-1000x563.jpg 1000w, https:\/\/isfd34-bue.infd.edu.ar\/sitio\/wp-content\/uploads\/2024\/09\/8-1900x1069.jpg 1900w, https:\/\/isfd34-bue.infd.edu.ar\/sitio\/wp-content\/uploads\/2024\/09\/8-768x432.jpg 768w, https:\/\/isfd34-bue.infd.edu.ar\/sitio\/wp-content\/uploads\/2024\/09\/8-1536x864.jpg 1536w\" sizes=\"(max-width: 1920px) 100vw, 1920px\" \/><\/li>\n                <li style=\"display: none; width: 100%;\" class=\"slide-3315 ms-image\" aria-roledescription=\"slide\" aria-label=\"slide-3315\"><img width=\"1920\" height=\"1080\" src=\"https:\/\/isfd34-bue.infd.edu.ar\/sitio\/wp-content\/uploads\/2024\/09\/9.jpg\" class=\"slider-3291 slide-3315\" alt=\"\" decoding=\"async\" loading=\"lazy\" rel=\"\" title=\"9\" style=\"margin: 0 auto; width: 88.888888888889%\" srcset=\"https:\/\/isfd34-bue.infd.edu.ar\/sitio\/wp-content\/uploads\/2024\/09\/9.jpg 1920w, https:\/\/isfd34-bue.infd.edu.ar\/sitio\/wp-content\/uploads\/2024\/09\/9-1000x563.jpg 1000w, https:\/\/isfd34-bue.infd.edu.ar\/sitio\/wp-content\/uploads\/2024\/09\/9-1900x1069.jpg 1900w, https:\/\/isfd34-bue.infd.edu.ar\/sitio\/wp-content\/uploads\/2024\/09\/9-768x432.jpg 768w, https:\/\/isfd34-bue.infd.edu.ar\/sitio\/wp-content\/uploads\/2024\/09\/9-1536x864.jpg 1536w\" sizes=\"(max-width: 1920px) 100vw, 1920px\" \/><\/li>\n                <li style=\"display: none; width: 100%;\" class=\"slide-3316 ms-image\" aria-roledescription=\"slide\" aria-label=\"slide-3316\"><img width=\"1920\" height=\"1080\" src=\"https:\/\/isfd34-bue.infd.edu.ar\/sitio\/wp-content\/uploads\/2024\/09\/10.jpg\" class=\"slider-3291 slide-3316\" alt=\"\" decoding=\"async\" loading=\"lazy\" rel=\"\" title=\"10\" style=\"margin: 0 auto; width: 88.888888888889%\" srcset=\"https:\/\/isfd34-bue.infd.edu.ar\/sitio\/wp-content\/uploads\/2024\/09\/10.jpg 1920w, https:\/\/isfd34-bue.infd.edu.ar\/sitio\/wp-content\/uploads\/2024\/09\/10-1000x563.jpg 1000w, https:\/\/isfd34-bue.infd.edu.ar\/sitio\/wp-content\/uploads\/2024\/09\/10-1900x1069.jpg 1900w, https:\/\/isfd34-bue.infd.edu.ar\/sitio\/wp-content\/uploads\/2024\/09\/10-768x432.jpg 768w, https:\/\/isfd34-bue.infd.edu.ar\/sitio\/wp-content\/uploads\/2024\/09\/10-1536x864.jpg 1536w\" sizes=\"(max-width: 1920px) 100vw, 1920px\" \/><\/li>\n                <li style=\"display: none; width: 100%;\" class=\"slide-3317 ms-image\" aria-roledescription=\"slide\" aria-label=\"slide-3317\"><img width=\"1920\" height=\"1080\" src=\"https:\/\/isfd34-bue.infd.edu.ar\/sitio\/wp-content\/uploads\/2024\/09\/11.jpg\" class=\"slider-3291 slide-3317\" alt=\"\" decoding=\"async\" loading=\"lazy\" rel=\"\" title=\"11\" style=\"margin: 0 auto; width: 88.888888888889%\" srcset=\"https:\/\/isfd34-bue.infd.edu.ar\/sitio\/wp-content\/uploads\/2024\/09\/11.jpg 1920w, https:\/\/isfd34-bue.infd.edu.ar\/sitio\/wp-content\/uploads\/2024\/09\/11-1000x563.jpg 1000w, https:\/\/isfd34-bue.infd.edu.ar\/sitio\/wp-content\/uploads\/2024\/09\/11-1900x1069.jpg 1900w, https:\/\/isfd34-bue.infd.edu.ar\/sitio\/wp-content\/uploads\/2024\/09\/11-768x432.jpg 768w, https:\/\/isfd34-bue.infd.edu.ar\/sitio\/wp-content\/uploads\/2024\/09\/11-1536x864.jpg 1536w\" sizes=\"(max-width: 1920px) 100vw, 1920px\" \/><\/li>\n            <\/ul>\n        <\/div>\n        \n    <\/div>\n<\/div><\/div>\n\n\n\n<div class=\"wp-block-columns is-layout-flex wp-container-2\">\n<div class=\"wp-block-column is-layout-flow\"><div class=\"wp-block-image\">\n<figure class=\"aligncenter size-medium is-resized\"><a href=\"https:\/\/www.instagram.com\/share\/BALqD3tWyc\"><img decoding=\"async\" loading=\"lazy\" src=\"https:\/\/isfd34-bue.infd.edu.ar\/sitio\/wp-content\/uploads\/2025\/04\/podcast34-697x1000.jpg\" alt=\"\" class=\"wp-image-3576\" width=\"308\" height=\"440\"\/><\/a><\/figure><\/div><\/div>\n<\/div>\n\n\n\n<p><\/p>\n\n\n<h4 style=\"text-align: center;\"><span style=\"color: #0000ff;\">HORARIOS DE ATENCI\u00d3N EN VENTANILLA:<br>LUNES, MI\u00c9RCOLES Y VIERNES DE 14 A 16:30 Y DE 18:30 A 21 HS.<\/span><\/h4>\n<h3 style=\"text-align: center;\">&nbsp;<\/h3>\n<p><strong>SECRETAR\u00cdA <span style=\"color: #0000ff;\"><a style=\"color: #0000ff;\" href=\"mailto:isfd34.secretaria@gmail.com\">isfd34.secretaria@gmail.com<\/a><\/span><br>REGENCIA<span style=\"color: #3366ff;\"> <a style=\"color: #3366ff;\" href=\"mailto:regenciaisfd34@gmail.com\">regenciaisfd34@gmail.com<\/a><\/span><\/strong><\/p>\n<p><strong>DIRECCI\u00d3N<\/strong> <a href=\"mailto:disfd34@gmail.com\"><span style=\"color: #3366ff;\"><span style=\"color: #0000ff;\"><strong>disfd34@gmail.com<\/strong><\/span>&nbsp;<\/span><\/a><\/p>\n<p><strong>BIOLOG\u00cdA y F\u00cdSICA<\/strong>&nbsp; <span style=\"color: #3366ff;\"><strong><a style=\"color: #3366ff;\" href=\"mailto:consultas34csnaturales@gmail.com\">consultas34csnaturales@gmail.com<\/a><\/strong><\/span><br><strong>HISTORIA Y GEOGRAF\u00cdA<\/strong>&nbsp; <span style=\"color: #3366ff;\"><strong><a style=\"color: #3366ff;\" href=\"mailto:consultas34cssociales@gmail.com\">consultas34cssociales@gmail.com<\/a><\/strong><\/span><br><strong>PRIMARIA<\/strong>&nbsp; <span style=\"color: #3366ff;\"><strong><a style=\"color: #3366ff;\" href=\"mailto:consultas34primaria@gmail.com\">consultas34primaria@gmail.com<\/a><\/strong><\/span><br><strong>INICIAL<\/strong>&nbsp;<span style=\"color: #3366ff;\"><strong><a style=\"color: #3366ff;\" href=\"mailto:consultas34inicial@gmail.com\"> consultas34inicial@gmail.com&nbsp;<\/a><\/strong><\/span><br><strong>EDUCACI\u00d3N ESPECIAL&nbsp; <span style=\"color: #3366ff;\"><a style=\"color: #3366ff;\" href=\"mailto:consultas34educespecial@gmail.com\">consultas34educespecial@gmail.com<\/a><\/span><\/strong><br><strong>MATEM\u00c1TICA&nbsp; <span style=\"color: #3366ff;\"><a style=\"color: #3366ff;\" href=\"mailto:consultas34matematica@gmail.com\">consultas34matematica@gmail.com<\/a><\/span><br>BIBLIOTECA <span style=\"color: #3366ff;\"><a style=\"color: #3366ff;\" href=\"mailto:isfd34.biblioteca@gmail.com\">isfd34.biblioteca@gmail.com<\/a><\/span><\/strong><\/p>\n<p><strong>FONO PRIMARIA, INICIAL, BIOLOG\u00cdA, HISTORIA, NEURO , VISUALES&nbsp; <span style=\"color: #3366ff;\"><a style=\"color: #3366ff;\" href=\"mailto:fonoaudiologiaisfd34@gmail.com\">fonoaudiologiaisfd34@gmail.com<\/a><\/span><\/strong><\/p>\n<div style=\"text-align: left;\"><strong><span style=\"color: #ff00ff;\">Mail de contacto Programa Becas Progresar:<\/span>&nbsp;<span style=\"color: #3366ff;\"><a style=\"color: #3366ff;\" href=\"mailto:becassuperior_pba@abc.gob.ar\">becassuperior_pba@abc.gob.ar<\/a><\/span><\/strong><\/div>\n<div><span style=\"color: #ff00ff;\"><strong>Mail de contacto Post\u00edtulos:<\/strong> <\/span><span style=\"color: #3366ff;\"><strong><a style=\"color: #3366ff;\" href=\"mailto:postitulossede7@gmail.com\">postitulossede7@gmail.com<\/a><\/strong><\/span><p><\/p>\n<h3 dir=\"auto\" style=\"text-align: left;\">&nbsp;<\/h3>\n<\/div>\n<h2 style=\"margin: 12pt 0cm 3pt; text-align: center; mso-list: none; tab-stops: 35.4pt;\"><span style=\"font-size: 18pt;\"><span style=\"color: #0000ff;\">ACREDITACI\u00d3N PLENA<\/span><\/span><\/h2>\n<p style=\"margin: 12pt 0cm 3pt; text-align: center; mso-list: none; tab-stops: 35.4pt;\"><span style=\"font-size: 18pt;\"><span style=\"color: #0000ff;\">T\u00edtulos con Validez Nacional<\/span><\/span><\/p>\n<p style=\"text-align: center;\"><a href=\"https:\/\/www.youtube.com\/channel\/UCyRMvXQ_Xt6Q71igt-PuW9Q\">https:\/\/www.youtube.com\/channel\/UCyRMvXQ_Xt6Q71igt-PuW9Q<\/a><\/p>\n<h2 style=\"margin: 12pt 0cm 3pt; mso-list: none; tab-stops: 35.4pt;\"><span style=\"font-family: Times New Roman;\"><span style=\"font-family: andale mono,times;\"><em><span style=\"text-decoration: underline;\"><span style=\"mso-bookmark: _Toc167631698;\"><span style=\"color: #0000ff;\"><strong>&nbsp;<\/strong><\/span><\/span><\/span><\/em><\/span><\/span><\/h2>\n<h2 style=\"text-align: center;\">&nbsp;<\/h2>\n<div id=\"metaslider-id-403\" style=\"width: 100%;\" class=\"ml-slider-3-33-0 metaslider metaslider-flex metaslider-403 ml-slider ms-theme-default\" role=\"region\" aria-roledescription=\"Slideshow\" aria-label=\"Slideshow\">\n    <div id=\"metaslider_container_403\">\n        <div id=\"metaslider_403\" class=\"flexslider\">\n            <ul aria-live=\"polite\" class=\"slides\">\n                <li style=\"display: block; width: 100%;\" class=\"slide-607 ms-image\" aria-roledescription=\"slide\" aria-label=\"slide-607\"><a href=\"https:\/\/mapa.infd.edu.ar\/\" target=\"_blank\"><img src=\"https:\/\/isfd34-bue.infd.edu.ar\/sitio\/wp-content\/uploads\/2018\/06\/mapa_infd6-1100x200.png\" height=\"200\" width=\"1100\" alt=\"\" class=\"slider-403 slide-607\" title=\"mapa_infd6\" \/><\/a><\/li>\n                <li style=\"display: none; width: 100%;\" class=\"slide-609 ms-image\" aria-roledescription=\"slide\" aria-label=\"slide-609\"><a href=\"https:\/\/www.argentina.gob.ar\/educacion\/becas\" target=\"_blank\"><img src=\"https:\/\/isfd34-bue.infd.edu.ar\/sitio\/wp-content\/uploads\/2018\/06\/becas7-1100x200.png\" height=\"200\" width=\"1100\" alt=\"\" class=\"slider-403 slide-609\" title=\"becas7\" \/><\/a><\/li>\n                <li style=\"display: none; width: 100%;\" class=\"slide-635 ms-image\" aria-roledescription=\"slide\" aria-label=\"slide-635\"><a href=\"https:\/\/www.argentina.gob.ar\/tema\/estudiar\/formacion-docencia\" target=\"_blank\"><img src=\"https:\/\/isfd34-bue.infd.edu.ar\/sitio\/wp-content\/uploads\/2018\/06\/convocatorias_slide6-1-1100x200.png\" height=\"200\" width=\"1100\" alt=\"\" class=\"slider-403 slide-635\" title=\"convocatorias_slide6-1\" \/><\/a><\/li>\n            <\/ul>\n        <\/div>\n        \n    <\/div>\n<\/div>\n\n\n<p><\/p>\n\n\n\n<p><\/p>\n\n\n\n<h2 class=\"wp-block-heading\"><\/h2>\n\n\n\n<figure class=\"wp-block-image\"><img alt=\"\"\/><\/figure>\n\n\n\n<figure class=\"wp-block-image\"><img alt=\"\"\/><\/figure>\n\n\n\n<p><\/p>\n","protected":false},"excerpt":{"rendered":"<p>\u00a1 B I E N V E N I D O S ! Solicitud de mesa extraordinaria de examen para \u00faltima materia &#8211; Turno MayoFecha para presentar la solicitud: 06\/04 al 17\/04Mesa extraordinaria de examen \u2013 turno mayo (\u00faltima materia)Fecha de examen: semana del 04-05 al 08-05 HORARIOS DE ATENCI\u00d3N EN VENTANILLA:LUNES, MI\u00c9RCOLES Y VIERNES &#8230; <a title=\"\" class=\"read-more\" href=\"https:\/\/isfd34-bue.infd.edu.ar\/sitio\/\" aria-label=\"More on \">[+]<\/a><\/p>\n","protected":false},"author":1,"featured_media":0,"parent":0,"menu_order":0,"comment_status":"closed","ping_status":"closed","template":"","meta":[],"acf":[],"_links":{"self":[{"href":"https:\/\/isfd34-bue.infd.edu.ar\/sitio\/wp-json\/wp\/v2\/pages\/286"}],"collection":[{"href":"https:\/\/isfd34-bue.infd.edu.ar\/sitio\/wp-json\/wp\/v2\/pages"}],"about":[{"href":"https:\/\/isfd34-bue.infd.edu.ar\/sitio\/wp-json\/wp\/v2\/types\/page"}],"author":[{"embeddable":true,"href":"https:\/\/isfd34-bue.infd.edu.ar\/sitio\/wp-json\/wp\/v2\/users\/1"}],"replies":[{"embeddable":true,"href":"https:\/\/isfd34-bue.infd.edu.ar\/sitio\/wp-json\/wp\/v2\/comments?post=286"}],"version-history":[{"count":801,"href":"https:\/\/isfd34-bue.infd.edu.ar\/sitio\/wp-json\/wp\/v2\/pages\/286\/revisions"}],"predecessor-version":[{"id":3847,"href":"https:\/\/isfd34-bue.infd.edu.ar\/sitio\/wp-json\/wp\/v2\/pages\/286\/revisions\/3847"}],"wp:attachment":[{"href":"https:\/\/isfd34-bue.infd.edu.ar\/sitio\/wp-json\/wp\/v2\/media?parent=286"}],"curies":[{"name":"wp","href":"https:\/\/api.w.org\/{rel}","templated":true}]}}