{"id":3140,"date":"2024-11-12T18:54:49","date_gmt":"2024-11-12T21:54:49","guid":{"rendered":"https:\/\/isfd34-bue.infd.edu.ar\/sitio\/?page_id=3140"},"modified":"2025-12-30T17:52:59","modified_gmt":"2025-12-30T20:52:59","slug":"mesas-de-examenes-noviembre-diciembre-2025","status":"publish","type":"page","link":"https:\/\/isfd34-bue.infd.edu.ar\/sitio\/mesas-de-examenes-noviembre-diciembre-2025\/","title":{"rendered":"Mesas de ex\u00e1menes &#8211; Febrero\/Marzo 2026"},"content":{"rendered":"\n<p class=\"has-accent-color has-text-color has-medium-font-size\"><strong>IMPORTANTE:  Para presentarte a rendir finales regulares y\/o libres ten\u00e9s que inscribirte.<\/strong><\/p>\n\n\n\n<p class=\"has-accent-color has-text-color has-medium-font-size\"><strong>La inscripci\u00f3n a las mesas de ex\u00e1menes se realizar\u00e1 a partir del 1\/2\/26 hasta el 10\/2\/26, sin excepci\u00f3n.<\/strong><\/p>\n\n\n\n<p class=\"has-medium-font-size\"><strong>Si hubiere que reprogramar alguna fecha de examen se ver\u00e1 reflejada en el mismo archivo.<\/strong><\/p>\n\n\n\n<p class=\"has-medium-font-size\">Profesorado de Educaci\u00f3n Inicial &#8211; <a href=\"https:\/\/docs.google.com\/spreadsheets\/d\/1wAQQ5BHYhrErQOAihhSHKqZP6zj_2v-77ZAlG_4I3f8\/edit?usp=drive_link\">CRONOGRAMA<\/a><\/p>\n\n\n\n<p class=\"has-medium-font-size\"><a href=\"https:\/\/forms.gle\/z8vgD8sGKqn2E3Mz9\">Formulario de Inscripci\u00f3n &#8211; Inicial<\/a><\/p>\n\n\n\n<p class=\"has-medium-font-size\">Profesorado de Educaci\u00f3n Primaria &#8211; Turno Tarde &#8211; <a href=\"https:\/\/docs.google.com\/spreadsheets\/d\/169d_8TzO07rK-Eh94ZMJB8wq1MK3DULWgNEED8slopg\/edit?usp=drive_link\">CRONOGRAMA <\/a><\/p>\n\n\n\n<p class=\"has-medium-font-size\"><a href=\"https:\/\/forms.gle\/ogUTivefTS5bUPZV8\">Formulario de Inscripci\u00f3n &#8211; Primaria &#8211; Turno Tarde<\/a><\/p>\n\n\n\n<p class=\"has-medium-font-size\">Profesorado de Educaci\u00f3n Primaria &#8211; Turno Vespertino <a href=\"https:\/\/docs.google.com\/spreadsheets\/d\/1VTph2vVwHed-JrXMWiadBPHL0lgZt_7u1ZrsCu8PqEs\/edit?usp=sharing\">&#8211;<\/a> <a href=\"https:\/\/docs.google.com\/spreadsheets\/d\/1NE3b60NU5qDHzLFU9VLGQ4KmI2bxiwi0XyTTEv3JUyI\/edit?usp=drive_link\">CRONOGRAMA<\/a><\/p>\n\n\n\n<p class=\"has-medium-font-size\"><a href=\"https:\/\/forms.gle\/juQWJXJy2EdLeYiEA\">Formulario de Inscripci\u00f3n &#8211; Primaria &#8211; Turno Vespertino<\/a><\/p>\n\n\n\n<p class=\"has-medium-font-size\">Profesorado de Educaci\u00f3n Especial con Orientaci\u00f3n en Ciegos y Disminuidos Visuales &#8211;<a href=\"https:\/\/docs.google.com\/spreadsheets\/d\/1wPd9G79ffnTsC3Sq6FKKy_4nrr1GGKa58K654cB4Ysg\/edit?usp=drive_link\"> CRONOGRAMA<\/a><\/p>\n\n\n\n<p class=\"has-medium-font-size\"><a href=\"https:\/\/forms.gle\/FuXAw4NosiR7kbiB6\">Formulario de Inscripci\u00f3n &#8211; Ciegos y Disminuidos Visuales<\/a><\/p>\n\n\n\n<p class=\"has-medium-font-size\">Profesorado de Educaci\u00f3n Especial con Orientaci\u00f3n en Neuromotores &#8211; <a href=\"https:\/\/docs.google.com\/spreadsheets\/d\/1FtxiwZZAaH7TjTJ8OArpfhnpxs4jojRMAZN4zw9QSvk\/edit?usp=drive_link\">CRONOGRAMA<\/a><\/p>\n\n\n\n<p class=\"has-medium-font-size\"><a href=\"https:\/\/forms.gle\/jgxyRBzoEqWxxQko9\">Formulario de Inscripci\u00f3n &#8211; Neuromotores<\/a><\/p>\n\n\n\n<p class=\"has-medium-font-size\">Profesorado de Educaci\u00f3n Secundaria en Matem\u00e1tica &#8211; <a href=\"https:\/\/docs.google.com\/spreadsheets\/d\/1DimboAFDkVOcm3ry0V9-AkU2TnkixZ4kufw1zSG8xjQ\/edit?usp=drive_link\">CRONOGRAMA<\/a><\/p>\n\n\n\n<p class=\"has-medium-font-size\"><a href=\"https:\/\/forms.gle\/pXAYy5UcjgifiZa28\">Formulario de Inscripci\u00f3n &#8211; Matem\u00e1tica<\/a><\/p>\n\n\n\n<p class=\"has-medium-font-size\">Profesorado de Educaci\u00f3n Secundaria en Biolog\u00eda &#8211; (PLAN NUEVO) &#8211;<a href=\"https:\/\/docs.google.com\/spreadsheets\/d\/1qOrPRBVns85XqDi9aFtliBcEusXsXUC6EritkdIYsAE\/edit?usp=sharing\"> <\/a><a href=\"https:\/\/docs.google.com\/spreadsheets\/d\/13VdzRqSHhhkI1ti97zRnibOpNtAPOu16sUmC6g2JjZk\/edit?usp=drive_link\">CRONOGRAMA<\/a><\/p>\n\n\n\n<p class=\"has-medium-font-size\"><a href=\"https:\/\/forms.gle\/jK5m3KZrQRvZ2kTH8\">Formulario de Inscripci\u00f3n &#8211; Biolog\u00eda &#8211; Plan Nuevo<\/a><\/p>\n\n\n\n<p class=\"has-medium-font-size\">Profesorado de Educaci\u00f3n Secundaria en F\u00edsica &#8211; (PLAN NUEVO) &#8211; <a href=\"https:\/\/docs.google.com\/spreadsheets\/d\/16JqNeDnZNx_Egn8vPwT01ZaGiyn8B6hAL7ACfuT3RXg\/edit?usp=drive_link\">CRONOGRAMA<\/a><\/p>\n\n\n\n<p class=\"has-medium-font-size\"><a href=\"https:\/\/forms.gle\/NWh99nMbyjrWoH7x9\">Formulario de Inscripci\u00f3n &#8211; F\u00edsica &#8211; Plan Nuevo<\/a><\/p>\n\n\n\n<p class=\"has-medium-font-size\">Profesorado de Educaci\u00f3n Secundaria en Biolog\u00eda \/ F\u00edsica &#8211; (PLAN VIEJO) &#8211;<a href=\"https:\/\/docs.google.com\/spreadsheets\/d\/1oc1O494UdFBRVWYzJtbxW0_AxZDvZS_dNcUEXV7hoY0\/edit?usp=drive_link\"> CRONOGRAMA<\/a><\/p>\n\n\n\n<p class=\"has-medium-font-size\"><a href=\"https:\/\/forms.gle\/f4h1ULgJ63todobG9\">Formulario de Inscripci\u00f3n &#8211; Biolog\u00eda\/F\u00edsica &#8211; Plan Viejo<\/a><\/p>\n\n\n\n<p class=\"has-text-align-left has-medium-font-size\">Profesorado de Educaci\u00f3n Secundaria en Historia &#8211; (PLAN NUEVO) &#8211; <a href=\"https:\/\/docs.google.com\/spreadsheets\/d\/1sh0PQX3R6L1M0-xco3szBUb8Hq7tIhoKdld7wktlAWk\/edit?usp=drive_link\">CRONOGRAMA<\/a><\/p>\n\n\n\n<p class=\"has-medium-font-size\"><a href=\"https:\/\/forms.gle\/Vxd7CqACfDZWTiJ99\">Formulario de Inscripci\u00f3n &#8211; Historia &#8211; Plan Nuevo<\/a><\/p>\n\n\n\n<p class=\"has-medium-font-size\">Profesorado de Educaci\u00f3n Secundaria en Historia &#8211; (PLAN VIEJO) &#8211; <a href=\"https:\/\/docs.google.com\/spreadsheets\/d\/1PvP0x9lJx8Iwe8BJ6UXcukVmzo9JV2cw-C7geuNjYT4\/edit?usp=drive_link\">CRONOGRAMA<\/a><\/p>\n\n\n\n<p class=\"has-medium-font-size\"><a href=\"https:\/\/forms.gle\/qFRGeiNLpMn773zZ9\">Formulario de Inscripci\u00f3n &#8211; Historia &#8211; Plan Viejo<\/a><\/p>\n\n\n\n<p class=\"has-medium-font-size\">Profesorado de Educaci\u00f3n Secundaria en Geograf\u00eda &#8211; (PLAN NUEVO) &#8211;<a href=\"https:\/\/docs.google.com\/spreadsheets\/d\/1mtSSGVdJEhzZBc19ruLJh9_RldOUVhN2XLpPLAaLUNo\/edit?usp=drive_link\"> CRONOGRAMA<\/a><\/p>\n\n\n\n<p class=\"has-medium-font-size\"><a href=\"https:\/\/forms.gle\/S1KqUVcQyy9UWYyV7\">Formulario de Inscripci\u00f3n &#8211; Geograf\u00eda &#8211; Plan Nuevo<\/a><\/p>\n\n\n\n<p class=\"has-medium-font-size\">Profesorado de Educaci\u00f3n Secundaria en Geograf\u00eda &#8211; (PLAN VIEJO) &#8211; <a href=\"https:\/\/docs.google.com\/spreadsheets\/d\/1-g8_N6_DmxjMBNlbDhrV1cyizIImPYZL575he6-E2o8\/edit?usp=drive_link\">CRONOGRAMA<\/a><\/p>\n\n\n\n<p class=\"has-medium-font-size\"><a href=\"https:\/\/forms.gle\/1YBf3MSPRptj1D3n8\">Formulario de Inscripci\u00f3n &#8211; Geograf\u00eda &#8211; Plan Viejo<\/a><\/p>\n\n\n\n<p class=\"has-medium-font-size\">Fonoaudiolog\u00eda &#8211; <a href=\"https:\/\/docs.google.com\/spreadsheets\/d\/1QUsmh420IEYyMwCKJS8y73yg1q00zLXrbCGKjURR3oc\/edit?usp=drive_link\">CRONOGRAMA<\/a><\/p>\n\n\n\n<p class=\"has-medium-font-size\">Figura en el formulario de inscripci\u00f3n de cada carrera.<\/p>\n","protected":false},"excerpt":{"rendered":"<p>IMPORTANTE: Para presentarte a rendir finales regulares y\/o libres ten\u00e9s que inscribirte. La inscripci\u00f3n a las mesas de ex\u00e1menes se realizar\u00e1 a partir del 1\/2\/26 hasta el 10\/2\/26, sin excepci\u00f3n. Si hubiere que reprogramar alguna fecha de examen se ver\u00e1 reflejada en el mismo archivo. Profesorado de Educaci\u00f3n Inicial &#8211; CRONOGRAMA Formulario de Inscripci\u00f3n &#8211; &#8230; <a title=\"Mesas de ex\u00e1menes &#8211; Febrero\/Marzo 2026\" class=\"read-more\" href=\"https:\/\/isfd34-bue.infd.edu.ar\/sitio\/mesas-de-examenes-noviembre-diciembre-2025\/\" aria-label=\"More on Mesas de ex\u00e1menes &#8211; Febrero\/Marzo 2026\">[+]<\/a><\/p>\n","protected":false},"author":5419,"featured_media":0,"parent":0,"menu_order":0,"comment_status":"closed","ping_status":"closed","template":"","meta":[],"acf":[],"_links":{"self":[{"href":"https:\/\/isfd34-bue.infd.edu.ar\/sitio\/wp-json\/wp\/v2\/pages\/3140"}],"collection":[{"href":"https:\/\/isfd34-bue.infd.edu.ar\/sitio\/wp-json\/wp\/v2\/pages"}],"about":[{"href":"https:\/\/isfd34-bue.infd.edu.ar\/sitio\/wp-json\/wp\/v2\/types\/page"}],"author":[{"embeddable":true,"href":"https:\/\/isfd34-bue.infd.edu.ar\/sitio\/wp-json\/wp\/v2\/users\/5419"}],"replies":[{"embeddable":true,"href":"https:\/\/isfd34-bue.infd.edu.ar\/sitio\/wp-json\/wp\/v2\/comments?post=3140"}],"version-history":[{"count":20,"href":"https:\/\/isfd34-bue.infd.edu.ar\/sitio\/wp-json\/wp\/v2\/pages\/3140\/revisions"}],"predecessor-version":[{"id":3772,"href":"https:\/\/isfd34-bue.infd.edu.ar\/sitio\/wp-json\/wp\/v2\/pages\/3140\/revisions\/3772"}],"wp:attachment":[{"href":"https:\/\/isfd34-bue.infd.edu.ar\/sitio\/wp-json\/wp\/v2\/media?parent=3140"}],"curies":[{"name":"wp","href":"https:\/\/api.w.org\/{rel}","templated":true}]}}