{"id":845,"date":"2018-08-29T15:50:24","date_gmt":"2018-08-29T18:50:24","guid":{"rendered":"https:\/\/isfd34-bue.infd.edu.ar\/sitio\/profesorado-de-educacion-secundaria-en-matematica\/"},"modified":"2026-03-25T19:42:26","modified_gmt":"2026-03-25T22:42:26","slug":"profesorado-de-educacion-secundaria-en-matematica","status":"publish","type":"page","link":"https:\/\/isfd34-bue.infd.edu.ar\/sitio\/profesorado-de-educacion-secundaria-en-matematica\/","title":{"rendered":"Profesorado de Educaci\u00f3n Secundaria en Matem\u00e1tica"},"content":{"rendered":"<p><span style=\"color: #000080;\">Para ense\u00f1ar no solo hay que saber lo que se ense\u00f1a, sino tambi\u00e9n c\u00f3mo se ense\u00f1a. Por eso, nuestra formaci\u00f3n se basa tanto en contenidos matem\u00e1ticos, como en herramientas que permitan realizar una transposici\u00f3n did\u00e1ctica adecuada a la realidad del aula que te toque transitar como docente.<\/span><\/p>\n<hr \/>\n<p>Plan viejo<\/p>\n<ul>\n<li><a href=\"https:\/\/abc.gob.ar\/secretarias\/sites\/default\/files\/2021-05\/Dise%C3%B1o%20Curricular%20Profesorado%20de%20Matem%C3%A1tica.pdf\">Dise\u00f1o curricular Res. 1861\/17<\/a><\/li>\n<li><a href=\"https:\/\/isfd34-bue.infd.edu.ar\/sitio\/wp-content\/uploads\/2025\/07\/Plan-de-estudio-y-correlatividades-Matematica.pdf\">Plan de estudio &#8211; correlatividades<\/a><\/li>\n<\/ul>\n<p>Plan nuevo<\/p>\n<ul>\n<li><a href=\"https:\/\/isfd34-bue.infd.edu.ar\/sitio\/wp-content\/uploads\/2026\/03\/RESOC-2025-5882-GDEBA-DGCYE.pdf\">Dise\u00f1o curricular Res. 5882\/25<\/a><\/li>\n<\/ul>\n<h5>Contactanos: <a href=\"mailto:consultas34matematica@gmail.com\">consultas34matematica@gmail.com<\/a><\/h5>\n<p><img decoding=\"async\" loading=\"lazy\" class=\"alignnone size-medium wp-image-3058\" src=\"https:\/\/isfd34-bue.infd.edu.ar\/sitio\/wp-content\/uploads\/2023\/10\/PM-fin-1000x174.png\" alt=\"\" width=\"1000\" height=\"174\" srcset=\"https:\/\/isfd34-bue.infd.edu.ar\/sitio\/wp-content\/uploads\/2023\/10\/PM-fin-1000x174.png 1000w, https:\/\/isfd34-bue.infd.edu.ar\/sitio\/wp-content\/uploads\/2023\/10\/PM-fin-768x133.png 768w, https:\/\/isfd34-bue.infd.edu.ar\/sitio\/wp-content\/uploads\/2023\/10\/PM-fin.png 1002w\" sizes=\"(max-width: 1000px) 100vw, 1000px\" \/><\/p>\n","protected":false},"excerpt":{"rendered":"<p>Para ense\u00f1ar no solo hay que saber lo que se ense\u00f1a, sino tambi\u00e9n c\u00f3mo se ense\u00f1a. Por eso, nuestra formaci\u00f3n se basa tanto en contenidos matem\u00e1ticos, como en herramientas que permitan realizar una transposici\u00f3n did\u00e1ctica adecuada a la realidad del aula que te toque transitar como docente. Plan viejo Dise\u00f1o curricular Res. 1861\/17 Plan de &#8230; <a title=\"Profesorado de Educaci\u00f3n Secundaria en Matem\u00e1tica\" class=\"read-more\" href=\"https:\/\/isfd34-bue.infd.edu.ar\/sitio\/profesorado-de-educacion-secundaria-en-matematica\/\" aria-label=\"More on Profesorado de Educaci\u00f3n Secundaria en Matem\u00e1tica\">[+]<\/a><\/p>\n","protected":false},"author":3085,"featured_media":3031,"parent":0,"menu_order":0,"comment_status":"closed","ping_status":"closed","template":"","meta":[],"acf":[],"_links":{"self":[{"href":"https:\/\/isfd34-bue.infd.edu.ar\/sitio\/wp-json\/wp\/v2\/pages\/845"}],"collection":[{"href":"https:\/\/isfd34-bue.infd.edu.ar\/sitio\/wp-json\/wp\/v2\/pages"}],"about":[{"href":"https:\/\/isfd34-bue.infd.edu.ar\/sitio\/wp-json\/wp\/v2\/types\/page"}],"author":[{"embeddable":true,"href":"https:\/\/isfd34-bue.infd.edu.ar\/sitio\/wp-json\/wp\/v2\/users\/3085"}],"replies":[{"embeddable":true,"href":"https:\/\/isfd34-bue.infd.edu.ar\/sitio\/wp-json\/wp\/v2\/comments?post=845"}],"version-history":[{"count":33,"href":"https:\/\/isfd34-bue.infd.edu.ar\/sitio\/wp-json\/wp\/v2\/pages\/845\/revisions"}],"predecessor-version":[{"id":3826,"href":"https:\/\/isfd34-bue.infd.edu.ar\/sitio\/wp-json\/wp\/v2\/pages\/845\/revisions\/3826"}],"wp:featuredmedia":[{"embeddable":true,"href":"https:\/\/isfd34-bue.infd.edu.ar\/sitio\/wp-json\/wp\/v2\/media\/3031"}],"wp:attachment":[{"href":"https:\/\/isfd34-bue.infd.edu.ar\/sitio\/wp-json\/wp\/v2\/media?parent=845"}],"curies":[{"name":"wp","href":"https:\/\/api.w.org\/{rel}","templated":true}]}}