{"id":847,"date":"2018-08-29T15:50:25","date_gmt":"2018-08-29T18:50:25","guid":{"rendered":"https:\/\/isfd34-bue.infd.edu.ar\/sitio\/profesorado-de-educacion-secundaria-en-fisica\/"},"modified":"2023-02-18T10:58:56","modified_gmt":"2023-02-18T13:58:56","slug":"profesorado-de-educacion-secundaria-en-fisica","status":"publish","type":"page","link":"https:\/\/isfd34-bue.infd.edu.ar\/sitio\/profesorado-de-educacion-secundaria-en-fisica\/","title":{"rendered":"Plan de estudios &#8211; F\u00edsica"},"content":{"rendered":"<p><\/p>\n<table width=\"651\">\n<tbody>\n<tr>\n<td style=\"text-align: center;\" colspan=\"5\" width=\"651\"><strong>Dise\u00f1o Curricular Profesorado de Educaci\u00f3n Secundaria en F\u00edsica &#8211; 2022 &#8211;<\/strong><\/td>\n<\/tr>\n<tr>\n<td style=\"text-align: center;\"><strong>A\u00d1O<\/strong><\/td>\n<td style=\"text-align: center;\"><strong>UNIDAD CURRICULAR<\/strong><\/td>\n<td style=\"text-align: center;\" width=\"74\"><strong>REG. DE CURSADA<\/strong><\/td>\n<td style=\"text-align: center;\"><strong>FORMATO<\/strong><\/td>\n<td style=\"text-align: center;\" width=\"68\"><strong>M\u00d3D. X SEMANA<\/strong><\/td>\n<\/tr>\n<tr>\n<td rowspan=\"10\">1\u00b0<\/td>\n<td>Pedagog\u00eda<\/td>\n<td>Anual<\/td>\n<td>Asignatura<\/td>\n<td>2<\/td>\n<\/tr>\n<tr>\n<td>Educaci\u00f3n y transformaciones sociales contempor\u00e1neas<\/td>\n<td>Anual<\/td>\n<td>Asignatura<\/td>\n<td>2<\/td>\n<\/tr>\n<tr>\n<td>Educaci\u00f3n sexual integral&nbsp;<\/td>\n<td>Cuat.<\/td>\n<td>Taller<\/td>\n<td>2<\/td>\n<\/tr>\n<tr>\n<td>Cultura digital y educaci\u00f3n&nbsp;<\/td>\n<td>Cuat.<\/td>\n<td>Taller<\/td>\n<td>2<\/td>\n<\/tr>\n<tr>\n<td>Introducci\u00f3n a la F\u00edsica yelementos de astronom\u00eda<\/td>\n<td>Anual<\/td>\n<td>Asignatura<\/td>\n<td>3<\/td>\n<\/tr>\n<tr>\n<td>Qu\u00edmica y la Actividad experimental 1<\/td>\n<td>Anual<\/td>\n<td>Asignatura<\/td>\n<td>3<\/td>\n<\/tr>\n<tr>\n<td>Introducci\u00f3n a los sistemas biol\u00f3gicos<\/td>\n<td>Anual<\/td>\n<td>Asignatura<\/td>\n<td>3<\/td>\n<\/tr>\n<tr>\n<td>Matem\u00e1tica y Ciencias Naturales 1<\/td>\n<td>Anual<\/td>\n<td>Asignatura<\/td>\n<td>2<\/td>\n<\/tr>\n<tr>\n<td rowspan=\"2\">Pr\u00e1ctica Docente I&nbsp;<\/td>\n<td rowspan=\"2\">Anual<\/td>\n<td>Taller<\/td>\n<td>2<\/td>\n<\/tr>\n<tr>\n<td>Terreno<\/td>\n<td>2<\/td>\n<\/tr>\n<tr>\n<td rowspan=\"12\">2\u00b0<\/td>\n<td>Did\u00e1ctica y curr\u00edculum&nbsp;<\/td>\n<td>Anual<\/td>\n<td>Asignatura<\/td>\n<td>2<\/td>\n<\/tr>\n<tr>\n<td>Psicolog\u00eda del aprendizaje&nbsp;<\/td>\n<td>Anual<\/td>\n<td>Asignatura<\/td>\n<td>2<\/td>\n<\/tr>\n<tr>\n<td>An\u00e1lisis de las instituciones educativas<\/td>\n<td>Cuat.<\/td>\n<td>Asignatura<\/td>\n<td>2<\/td>\n<\/tr>\n<tr>\n<td>Pensamiento pol\u00edtico pedag\u00f3gico latinoamericano&nbsp;<\/td>\n<td>Anual<\/td>\n<td>Asignatura<\/td>\n<td>2<\/td>\n<\/tr>\n<tr>\n<td>Did\u00e1ctica de las Ciencias naturales<\/td>\n<td>Anual<\/td>\n<td>Asignatura<\/td>\n<td>2<\/td>\n<\/tr>\n<tr>\n<td width=\"379\">Fundamentos y Modelos de la Mec\u00e1nica Cl\u00e1sica<\/td>\n<td>Anual<\/td>\n<td>Asignatura<\/td>\n<td>3<\/td>\n<\/tr>\n<tr>\n<td>Qu\u00edmica y la Actividad experimental 2<\/td>\n<td>Anual<\/td>\n<td>Asignatura<\/td>\n<td>3<\/td>\n<\/tr>\n<tr>\n<td>Actividades Experimentales de CyT escolar<\/td>\n<td>Cuat.<\/td>\n<td>Taller<\/td>\n<td>2<\/td>\n<\/tr>\n<tr>\n<td>Ciencias de la Tierra<\/td>\n<td>Cuat.<\/td>\n<td>Taller<\/td>\n<td>2<\/td>\n<\/tr>\n<tr>\n<td>Matem\u00e1tica y Ciencias Naturales 2<\/td>\n<td>Anual<\/td>\n<td>Asignatura<\/td>\n<td>2<\/td>\n<\/tr>\n<tr>\n<td rowspan=\"2\">Pr\u00e1ctica Docente II<\/td>\n<td rowspan=\"2\">Anual<\/td>\n<td>Taller<\/td>\n<td>2<\/td>\n<\/tr>\n<tr>\n<td>Terreno<\/td>\n<td>2<\/td>\n<\/tr>\n<tr>\n<td rowspan=\"11\">3\u00b0<\/td>\n<td>Pol\u00edtica educativa argentina&nbsp;<\/td>\n<td>Anual<\/td>\n<td>Asignatura<\/td>\n<td>2<\/td>\n<\/tr>\n<tr>\n<td>Problemas filos\u00f3ficos de la educaci\u00f3n&nbsp;<\/td>\n<td>Anual<\/td>\n<td>Asignatura<\/td>\n<td>2<\/td>\n<\/tr>\n<tr>\n<td>Trayectorias educativas de j\u00f3venes y adultos&nbsp;<\/td>\n<td>Cuat.<\/td>\n<td>Asignatura<\/td>\n<td>2<\/td>\n<\/tr>\n<tr>\n<td>Did\u00e1ctica de la F\u00edsica<\/td>\n<td>Anual<\/td>\n<td>Taller<\/td>\n<td>2<\/td>\n<\/tr>\n<tr>\n<td>Astronom\u00eda<\/td>\n<td>Cuat.<\/td>\n<td>Asignatura<\/td>\n<td>2<\/td>\n<\/tr>\n<tr>\n<td>Ondas y \u00d3pticas<\/td>\n<td>Anual<\/td>\n<td>Asignatura<\/td>\n<td>3<\/td>\n<\/tr>\n<tr>\n<td>Termodin\u00e1mica<\/td>\n<td>Anual<\/td>\n<td>Asignatura<\/td>\n<td>2<\/td>\n<\/tr>\n<tr>\n<td>Electromagnetismo<\/td>\n<td>Anual<\/td>\n<td>Asignatura<\/td>\n<td>3<\/td>\n<\/tr>\n<tr>\n<td width=\"379\">Matem\u00e1tica asociada a la F\u00edsica<\/td>\n<td>Anual<\/td>\n<td>Asignatura<\/td>\n<td>3<\/td>\n<\/tr>\n<tr>\n<td rowspan=\"2\">Pr\u00e1ctica Docente III<\/td>\n<td rowspan=\"2\">Anual<\/td>\n<td>Taller<\/td>\n<td>2<\/td>\n<\/tr>\n<tr>\n<td>Terreno<\/td>\n<td>3<\/td>\n<\/tr>\n<tr>\n<td rowspan=\"14\">4\u00b0<\/td>\n<td>Reflexi\u00f3n filos\u00f3fico-pol\u00edtica de la pr\u00e1ctica docente&nbsp;<\/td>\n<td>Anual<\/td>\n<td>Asignatura<\/td>\n<td>2<\/td>\n<\/tr>\n<tr>\n<td>Derechos, interculturalidad y ciudadan\u00eda&nbsp;<\/td>\n<td>Cuat.<\/td>\n<td>Taller<\/td>\n<td>2<\/td>\n<\/tr>\n<tr>\n<td>Espacio de Opci\u00f3n Institucional&nbsp; (EOI)<\/td>\n<td>Cuat.<\/td>\n<td>Taller<\/td>\n<td>2<\/td>\n<\/tr>\n<tr>\n<td>Ense\u00f1anza de la F\u00edsica y sus problemas<\/td>\n<td>Anual<\/td>\n<td>Ateneo<\/td>\n<td>2<\/td>\n<\/tr>\n<tr>\n<td>Historia y Epistemolog\u00eda de la F\u00edsica<\/td>\n<td>Anual<\/td>\n<td>Asignatura<\/td>\n<td>2<\/td>\n<\/tr>\n<tr>\n<td width=\"379\">F\u00edsica Cu\u00e1ntica, At\u00f3mica y Nuclear<\/td>\n<td>Anual<\/td>\n<td>Asignatura<\/td>\n<td>3<\/td>\n<\/tr>\n<tr>\n<td width=\"379\">Relatividad, Astrof\u00edsica y Cosmolog\u00eda<\/td>\n<td>Anual<\/td>\n<td>Asignatura<\/td>\n<td>3<\/td>\n<\/tr>\n<tr>\n<td>F\u00edsica, Tecnolog\u00eda y Ambiente<\/td>\n<td>Anual<\/td>\n<td>Taller<\/td>\n<td>2<\/td>\n<\/tr>\n<tr>\n<td>Mec\u00e1nica Avanzada y F\u00edsica Te\u00f3rica<\/td>\n<td>Anual<\/td>\n<td>Asignatura<\/td>\n<td>2<\/td>\n<\/tr>\n<tr>\n<td>Problem\u00e1ticas socioambientales<\/td>\n<td>Cuat.<\/td>\n<td>Seminario<\/td>\n<td>2<\/td>\n<\/tr>\n<tr>\n<td>Espacio de Opci\u00f3n Institucional (EOI)&nbsp;<\/td>\n<td>Cuat.<\/td>\n<td>Taller<\/td>\n<td>2<\/td>\n<\/tr>\n<tr>\n<td rowspan=\"2\">Pr\u00e1ctica Docente IV<\/td>\n<td rowspan=\"2\">Anual<\/td>\n<td>Taller<\/td>\n<td>2<\/td>\n<\/tr>\n<tr>\n<td>Terreno<\/td>\n<td>3<\/td>\n<\/tr>\n<tr>\n<td>Unidad curricular optativa&nbsp;<\/td>\n<td>Anual<\/td>\n<td>Taller<\/td>\n<td>2<\/td>\n<\/tr>\n<\/tbody>\n<\/table>\n\n\n<p><strong><a href=\"https:\/\/abc.gob.ar\/secretarias\/sites\/default\/files\/2023-02\/IF-2022-40270933-GDEBA-Dise%C3%B1o%20Curricular%20del%20Profesorado%20%20FISICA_compressed.pdf\">Dise\u00f1o Curricular Profesorado de Educaci\u00f3n Secundaria en F\u00edsica &#8211; 2022 &#8211;<\/a><\/strong> (texto completo)<\/p>\n","protected":false},"excerpt":{"rendered":"<p>Dise\u00f1o Curricular Profesorado de Educaci\u00f3n Secundaria en F\u00edsica &#8211; 2022 &#8211; A\u00d1O UNIDAD CURRICULAR REG. DE CURSADA FORMATO M\u00d3D. X SEMANA 1\u00b0 Pedagog\u00eda Anual Asignatura 2 Educaci\u00f3n y transformaciones sociales contempor\u00e1neas Anual Asignatura 2 Educaci\u00f3n sexual integral&nbsp; Cuat. Taller 2 Cultura digital y educaci\u00f3n&nbsp; Cuat. Taller 2 Introducci\u00f3n a la F\u00edsica yelementos de astronom\u00eda Anual &#8230; <a title=\"Plan de estudios &#8211; F\u00edsica\" class=\"read-more\" href=\"https:\/\/isfd34-bue.infd.edu.ar\/sitio\/profesorado-de-educacion-secundaria-en-fisica\/\" aria-label=\"More on Plan de estudios &#8211; F\u00edsica\">[+]<\/a><\/p>\n","protected":false},"author":3085,"featured_media":0,"parent":0,"menu_order":0,"comment_status":"closed","ping_status":"closed","template":"","meta":[],"acf":[],"_links":{"self":[{"href":"https:\/\/isfd34-bue.infd.edu.ar\/sitio\/wp-json\/wp\/v2\/pages\/847"}],"collection":[{"href":"https:\/\/isfd34-bue.infd.edu.ar\/sitio\/wp-json\/wp\/v2\/pages"}],"about":[{"href":"https:\/\/isfd34-bue.infd.edu.ar\/sitio\/wp-json\/wp\/v2\/types\/page"}],"author":[{"embeddable":true,"href":"https:\/\/isfd34-bue.infd.edu.ar\/sitio\/wp-json\/wp\/v2\/users\/3085"}],"replies":[{"embeddable":true,"href":"https:\/\/isfd34-bue.infd.edu.ar\/sitio\/wp-json\/wp\/v2\/comments?post=847"}],"version-history":[{"count":2,"href":"https:\/\/isfd34-bue.infd.edu.ar\/sitio\/wp-json\/wp\/v2\/pages\/847\/revisions"}],"predecessor-version":[{"id":2611,"href":"https:\/\/isfd34-bue.infd.edu.ar\/sitio\/wp-json\/wp\/v2\/pages\/847\/revisions\/2611"}],"wp:attachment":[{"href":"https:\/\/isfd34-bue.infd.edu.ar\/sitio\/wp-json\/wp\/v2\/media?parent=847"}],"curies":[{"name":"wp","href":"https:\/\/api.w.org\/{rel}","templated":true}]}}