{"id":875,"date":"2018-08-29T15:50:37","date_gmt":"2018-08-29T18:50:37","guid":{"rendered":"https:\/\/isfd34-bue.infd.edu.ar\/sitio\/carreras\/"},"modified":"2025-02-25T14:37:44","modified_gmt":"2025-02-25T17:37:44","slug":"carreras","status":"publish","type":"page","link":"https:\/\/isfd34-bue.infd.edu.ar\/sitio\/carreras\/","title":{"rendered":"Carreras"},"content":{"rendered":"<p style=\"text-align: center;\"><span style=\"font-size: 14pt; color: #000080;\"><strong>OFERTA ACAD\u00c9MICA 2025<\/strong><\/span><\/p>\n<p><span style=\"font-size: 14pt; font-family: 'strong', 'avant garde';\"><strong>PROFESORADO DE EDUCACI\u00d3N SECUNDARIA EN:<\/strong><\/span><\/p>\n<ul>\n<li><a href=\"https:\/\/isfd34-bue.infd.edu.ar\/sitio\/profesorado-de-educacion-secundaria-en-matematica\/\"><span style=\"font-size: 14pt; font-family: 'strong', 'avant garde';\"><strong>MATEM\u00c1TICA<\/strong><\/span><\/a><\/li>\n<li><a href=\"https:\/\/isfd34-bue.infd.edu.ar\/sitio\/plan-de-estudios-8\/\"><span style=\"font-size: 14pt; font-family: 'strong', 'avant garde';\"><strong>HISTORIA<\/strong><\/span><\/a><\/li>\n<li><a href=\"https:\/\/isfd34-bue.infd.edu.ar\/sitio\/plan-de-estudios-2\/\"><strong style=\"font-family: 'strong', 'avant garde'; font-size: 14pt;\">GEOGRAF\u00cdA<\/strong><\/a><\/li>\n<li><a href=\"https:\/\/isfd34-bue.infd.edu.ar\/sitio\/plan-de-estudios-7\/\"><span style=\"font-size: 14pt; font-family: 'strong', 'avant garde';\"><strong>BIOLOG\u00cdA<\/strong><\/span><\/a><\/li>\n<li><a href=\"https:\/\/isfd34-bue.infd.edu.ar\/sitio\/profesorado-de-educacion-secundaria-en-fisica\/\"><span style=\"font-size: 14pt; font-family: 'strong', 'avant garde';\">F<\/span><span style=\"font-size: 14pt; font-family: 'strong', 'avant garde';\"><strong>\u00cdSICA<\/strong><\/span><\/a><\/li>\n<\/ul>\n<p><span style=\"font-size: 14pt; font-family: 'strong', 'avant garde';\">\u00a0 \u00a0 \u00a0Todos en Turno Vespertino<\/span><\/p>\n<p><span style=\"font-family: 'strong', 'avant garde'; font-size: 14pt;\"><strong>PROFESORADO DE EDUCACI\u00d3N ESPECIAL CON ESPECIALIDAD<\/strong>:<\/span><\/p>\n<ul>\n<li><span style=\"font-size: 14pt; font-family: 'strong', 'avant garde';\">\u00a0<\/span><a href=\"https:\/\/isfd34-bue.infd.edu.ar\/sitio\/profesorado-en-educacion-especial-neuromotora\/\"><span style=\"font-size: 14pt; font-family: 'strong', 'avant garde';\"><strong>NEUROMOTORA<\/strong><\/span><\/a><\/li>\n<li><span style=\"font-size: 14pt; font-family: 'strong', 'avant garde';\">\u00a0<\/span><a href=\"https:\/\/isfd34-bue.infd.edu.ar\/sitio\/profesorado-en-educacion-especial-ciegos-y-disminuidos-visuales\/\"><strong style=\"font-family: 'strong', 'avant garde'; font-size: 14pt;\">CIEGOS Y DISMINUIDOS VISUALES<\/strong><\/a><\/li>\n<\/ul>\n<p><span style=\"font-size: 14pt; font-family: 'strong', 'avant garde';\">\u00a0Turno Vespertino<\/span><\/p>\n<p><span style=\"font-size: 14pt; font-family: 'strong', 'avant garde';\"><strong><a href=\"https:\/\/isfd34-bue.infd.edu.ar\/sitio\/profesorado-de-educacion-inicial\/\">PROFESORADO DE EDUCACI\u00d3N INICIAL<\/a>\u00a0<\/strong><\/span><\/p>\n<p><span style=\"font-size: 14pt; font-family: 'strong', 'avant garde';\">\u00a01\u00b0 y 2\u00b0 Turno Tarde,\u00a0<\/span><span style=\"font-size: 14pt; font-family: 'strong', 'avant garde';\">3\u00b0 y 4\u00b0 Turno Vespertino<\/span><\/p>\n<p><span style=\"font-size: 14pt; font-family: 'strong', 'avant garde';\">\u00a0<\/span><span style=\"font-size: 14pt; font-family: 'strong', 'avant garde';\"><strong><a href=\"https:\/\/isfd34-bue.infd.edu.ar\/sitio\/profesorado-de-educacion-primaria\/\">PROFESORADO DE EDUCACI\u00d3N PRIMARIA<\/a>\u00a0\u00a0<\/strong>\u00a0<\/span><\/p>\n<p><span style=\"font-size: 14pt; font-family: 'strong', 'avant garde';\">\u00a0Turno Tarde \u00a0y \u00a0Vespertino<\/span><\/p>\n<p><span style=\"font-size: 14pt; font-family: 'strong', 'avant garde';\">\u00a0<\/span><span style=\"font-size: 14pt; font-family: 'strong', 'avant garde';\"><br \/>\n<\/span><span style=\"font-size: 14pt; font-family: 'strong', 'avant garde';\"> \u00a0<\/span><\/p>\n","protected":false},"excerpt":{"rendered":"<p>OFERTA ACAD\u00c9MICA 2025 PROFESORADO DE EDUCACI\u00d3N SECUNDARIA EN: MATEM\u00c1TICA HISTORIA GEOGRAF\u00cdA BIOLOG\u00cdA F\u00cdSICA \u00a0 \u00a0 \u00a0Todos en Turno Vespertino PROFESORADO DE EDUCACI\u00d3N ESPECIAL CON ESPECIALIDAD: \u00a0NEUROMOTORA \u00a0CIEGOS Y DISMINUIDOS VISUALES \u00a0Turno Vespertino PROFESORADO DE EDUCACI\u00d3N INICIAL\u00a0 \u00a01\u00b0 y 2\u00b0 Turno Tarde,\u00a03\u00b0 y 4\u00b0 Turno Vespertino \u00a0PROFESORADO DE EDUCACI\u00d3N PRIMARIA\u00a0\u00a0\u00a0 \u00a0Turno Tarde \u00a0y \u00a0Vespertino \u00a0 \u00a0<\/p>\n","protected":false},"author":3085,"featured_media":0,"parent":0,"menu_order":0,"comment_status":"closed","ping_status":"closed","template":"","meta":[],"acf":[],"_links":{"self":[{"href":"https:\/\/isfd34-bue.infd.edu.ar\/sitio\/wp-json\/wp\/v2\/pages\/875"}],"collection":[{"href":"https:\/\/isfd34-bue.infd.edu.ar\/sitio\/wp-json\/wp\/v2\/pages"}],"about":[{"href":"https:\/\/isfd34-bue.infd.edu.ar\/sitio\/wp-json\/wp\/v2\/types\/page"}],"author":[{"embeddable":true,"href":"https:\/\/isfd34-bue.infd.edu.ar\/sitio\/wp-json\/wp\/v2\/users\/3085"}],"replies":[{"embeddable":true,"href":"https:\/\/isfd34-bue.infd.edu.ar\/sitio\/wp-json\/wp\/v2\/comments?post=875"}],"version-history":[{"count":15,"href":"https:\/\/isfd34-bue.infd.edu.ar\/sitio\/wp-json\/wp\/v2\/pages\/875\/revisions"}],"predecessor-version":[{"id":3453,"href":"https:\/\/isfd34-bue.infd.edu.ar\/sitio\/wp-json\/wp\/v2\/pages\/875\/revisions\/3453"}],"wp:attachment":[{"href":"https:\/\/isfd34-bue.infd.edu.ar\/sitio\/wp-json\/wp\/v2\/media?parent=875"}],"curies":[{"name":"wp","href":"https:\/\/api.w.org\/{rel}","templated":true}]}}